{"id":2736,"date":"2018-10-22T06:50:58","date_gmt":"2018-10-22T06:50:58","guid":{"rendered":"https:\/\/hotellwilhelmina.se\/?page_id=2736"},"modified":"2025-11-10T15:29:50","modified_gmt":"2025-11-10T14:29:50","slug":"jul-pa-hotell-wilhelmina-2","status":"publish","type":"page","link":"https:\/\/hotellwilhelmina.se\/en\/jul-pa-hotell-wilhelmina-2\/","title":{"rendered":"Christmas at Hotell Wilhelmina"},"content":{"rendered":"<p>[et_pb_section fb_built=&#8221;1&#8243; fullwidth=&#8221;on&#8221; disabled_on=&#8221;off|off|off&#8221; admin_label=&#8221;Hero&#8221; _builder_version=&#8221;4.16&#8243; background_image=&#8221;https:\/\/hotellwilhelmina.se\/wp-content\/uploads\/2020\/10\/christmas-1911637-scaled.jpg&#8221; parallax=&#8221;on&#8221; custom_padding=&#8221;0px|0px|0|0px|false|false&#8221; transparent_background=&#8221;on&#8221; global_colors_info=&#8221;{}&#8221;][et_pb_fullwidth_header title=&#8221; Jul p\u00e5 Hotell Wilhelmina&#8221; text_orientation=&#8221;center&#8221; button_one_url=&#8221;https:\/\/hotellwilhelmina.se\/boka\/&#8221; background_overlay_color=&#8221;rgba(0,0,0,0.42)&#8221; subhead_font_color=&#8221;#bebebe&#8221; _builder_version=&#8221;4.16&#8243; title_font=&#8221;Playfair Display||||&#8221; title_text_color=&#8221;#ffffff&#8221; title_font_size=&#8221;72px&#8221; title_line_height=&#8221;1.3em&#8221; content_font=&#8221;Montserrat||||&#8221; content_text_color=&#8221;#bfbfbf&#8221; content_font_size=&#8221;19px&#8221; content_line_height=&#8221;1.8em&#8221; subhead_font=&#8221;Montserrat||||&#8221; subhead_text_color=&#8221;#bebebe&#8221; subhead_line_height=&#8221;1.8em&#8221; background_color=&#8221;rgba(13,96,49,0)&#8221; use_background_color_gradient=&#8221;on&#8221; background_color_gradient_direction=&#8221;176deg&#8221; background_image=&#8221;https:\/\/hotellwilhelmina.se\/wp-content\/uploads\/2020\/10\/christmas-19116372-scaled.jpg&#8221; custom_button_one=&#8221;on&#8221; button_one_text_color=&#8221;#ffffff&#8221; button_one_font=&#8221;||||||||&#8221; custom_padding=&#8221;5%||5%|&#8221; animation_style=&#8221;zoom&#8221; animation_duration=&#8221;1500ms&#8221; animation_intensity_zoom=&#8221;4%&#8221; title_font_size_tablet=&#8221;&#8221; title_font_size_phone=&#8221;46px&#8221; title_font_size_last_edited=&#8221;on|phone&#8221; title_line_height_last_edited=&#8221;off|desktop&#8221; global_colors_info=&#8221;{}&#8221; button_one_text_size__hover_enabled=&#8221;off&#8221; button_two_text_size__hover_enabled=&#8221;off&#8221; button_one_text_color__hover_enabled=&#8221;off&#8221; button_two_text_color__hover_enabled=&#8221;off&#8221; button_one_border_width__hover_enabled=&#8221;off&#8221; button_two_border_width__hover_enabled=&#8221;off&#8221; button_one_border_color__hover_enabled=&#8221;off&#8221; button_two_border_color__hover_enabled=&#8221;off&#8221; button_one_border_radius__hover_enabled=&#8221;off&#8221; button_two_border_radius__hover_enabled=&#8221;off&#8221; button_one_letter_spacing__hover_enabled=&#8221;off&#8221; button_two_letter_spacing__hover_enabled=&#8221;off&#8221; button_one_bg_color__hover_enabled=&#8221;off&#8221; button_two_bg_color__hover_enabled=&#8221;off&#8221;]<\/p>\n<p>&nbsp;<\/p>\n<p>&nbsp;<\/p>\n<p>[\/et_pb_fullwidth_header][\/et_pb_section][et_pb_section fb_built=&#8221;1&#8243; admin_label=&#8221;Our Story&#8221; _builder_version=&#8221;4.16&#8243; background_color=&#8221;#0a0a0a&#8221; background_position=&#8221;top_left&#8221; custom_padding=&#8221;36px|0px|24px|0px|false|false&#8221; collapsed=&#8221;off&#8221; global_colors_info=&#8221;{}&#8221;][et_pb_row column_structure=&#8221;1_2,1_2&#8243; _builder_version=&#8221;4.18.0&#8243; _module_preset=&#8221;default&#8221; global_colors_info=&#8221;{}&#8221;][et_pb_column type=&#8221;1_2&#8243; _builder_version=&#8221;4.18.0&#8243; _module_preset=&#8221;default&#8221; global_colors_info=&#8221;{}&#8221;][et_pb_gallery gallery_ids=&#8221;5761&#8243; fullwidth=&#8221;on&#8221; _builder_version=&#8221;4.27.4&#8243; _module_preset=&#8221;default&#8221; global_colors_info=&#8221;{}&#8221;][\/et_pb_gallery][\/et_pb_column][et_pb_column type=&#8221;1_2&#8243; _builder_version=&#8221;4.18.0&#8243; _module_preset=&#8221;default&#8221; global_colors_info=&#8221;{}&#8221;][et_pb_text _builder_version=&#8221;4.27.4&#8243; _module_preset=&#8221;default&#8221; global_colors_info=&#8221;{}&#8221;]<\/p>\n<h2 style=\"text-align: center;\">Varmt v\u00e4lkommen till Hotell Wilhelminas klassiska julbord.<\/h2>\n<p>Vi dukar upp ett stort julbord med alla klassiska r\u00e4tter och tillbeh\u00f6r.<\/p>\n<p>Lunchjulbord serveras 11.00-13.00.<br \/>Kv\u00e4llsjulbord serveras 17.00-20.00.<\/p>\n<p>Fredag den 12\/12 har vi ett julinspirerat Quiz som startar ca. 20.00.<\/p>\n<p>Varmt v\u00e4lkomna!<\/p>\n<p>[\/et_pb_text][et_pb_button button_url=&#8221;https:\/\/app.bokabord.se\/reservation\/?hash=5418777b2ce4cb82c9d8325b04e3cbe6&#8243; url_new_window=&#8221;on&#8221; button_text=&#8221;Boka bord&#8221; button_alignment=&#8221;center&#8221; _builder_version=&#8221;4.27.4&#8243; _module_preset=&#8221;default&#8221; global_colors_info=&#8221;{}&#8221;][\/et_pb_button][\/et_pb_column][\/et_pb_row][et_pb_row column_structure=&#8221;1_2,1_2&#8243; _builder_version=&#8221;4.27.4&#8243; _module_preset=&#8221;default&#8221; global_colors_info=&#8221;{}&#8221;][et_pb_column type=&#8221;1_2&#8243; _builder_version=&#8221;4.27.4&#8243; _module_preset=&#8221;default&#8221; global_colors_info=&#8221;{}&#8221;][et_pb_image src=&#8221;https:\/\/hotellwilhelmina.se\/wp-content\/uploads\/2025\/10\/Julshow-1.png&#8221; title_text=&#8221;Julshow (1)&#8221; _builder_version=&#8221;4.27.4&#8243; _module_preset=&#8221;default&#8221; global_colors_info=&#8221;{}&#8221;][\/et_pb_image][\/et_pb_column][et_pb_column type=&#8221;1_2&#8243; _builder_version=&#8221;4.27.4&#8243; _module_preset=&#8221;default&#8221; global_colors_info=&#8221;{}&#8221;][et_pb_text _builder_version=&#8221;4.27.4&#8243; _module_preset=&#8221;default&#8221; global_colors_info=&#8221;{}&#8221;]<\/p>\n<h2>\u00c5rets Julshow p\u00e5 Hotell Wilhelmina 2025!<\/h2>\n<p>L\u00f6rdagen den 13\/12 kommer The Living Jukebox till oss p\u00e5 Hotell Wilhelmina och bjuder p\u00e5 en fartfylld upplevelse full av energi, humor &amp; nostalgi!<\/p>\n<p>Vem kommer inte ih\u00e5g AC\/DC, Blues Brothers, Roy Orbison, Bj\u00f6rn Skifs, Elvis, Creedence, Smokie, Chuck Berry, Platters, Jerry Lee Lewis med m\u00e5nga fler&#8230; Detta \u00e4r bara n\u00e5gra av de akter som ni kommer att f\u00e5 se fr\u00e5n den fantastiska jukeboxen.<\/p>\n<p>18.00 serverar vi en julispirerad trer\u00e4ttersmiddag som garanterat f\u00e5r smakl\u00f6karna att jubla.\u00a0<\/p>\n<p>F\u00f6rr\u00e4tt<br \/>Laxcarpaccio med kron\u00e4rtskockskr\u00e4m &amp; syrad r\u00f6dk\u00e5l. Gr\u00f6nk\u00e5lschips &amp; friterad kapris.<\/p>\n<p>Varmr\u00e4tt<br \/>Grillad kalvfil\u00e9 serveras med potatiskaka, stekt spetsk\u00e5l &amp; en varm lingons\u00e5s.<\/p>\n<p>Dessert<br \/>Saffranspannacotta med halloncoulis &amp; pepparkakschrunch.<\/p>\n<p>Boka redan idag!<\/p>\n<p>[\/et_pb_text][et_pb_button button_url=&#8221;https:\/\/app.bokabord.se\/reservation\/?hash=5418777b2ce4cb82c9d8325b04e3cbe6&#8243; url_new_window=&#8221;on&#8221; button_text=&#8221;Boka bord&#8221; button_alignment=&#8221;center&#8221; _builder_version=&#8221;4.27.4&#8243; _module_preset=&#8221;default&#8221; global_colors_info=&#8221;{}&#8221;][\/et_pb_button][\/et_pb_column][\/et_pb_row][et_pb_row column_structure=&#8221;1_2,1_2&#8243; _builder_version=&#8221;4.27.4&#8243; _module_preset=&#8221;default&#8221; global_colors_info=&#8221;{}&#8221;][et_pb_column type=&#8221;1_2&#8243; _builder_version=&#8221;4.27.4&#8243; _module_preset=&#8221;default&#8221; global_colors_info=&#8221;{}&#8221;][et_pb_image src=&#8221;https:\/\/hotellwilhelmina.se\/wp-content\/uploads\/2025\/11\/Julplanka-2025-1.png&#8221; title_text=&#8221;Julplanka 2025 (1)&#8221; _builder_version=&#8221;4.27.4&#8243; _module_preset=&#8221;default&#8221; hover_enabled=&#8221;0&#8243; global_colors_info=&#8221;{}&#8221; sticky_enabled=&#8221;0&#8243;][\/et_pb_image][\/et_pb_column][et_pb_column type=&#8221;1_2&#8243; _builder_version=&#8221;4.27.4&#8243; _module_preset=&#8221;default&#8221; global_colors_info=&#8221;{}&#8221;][et_pb_text _builder_version=&#8221;4.27.4&#8243; _module_preset=&#8221;default&#8221; global_colors_info=&#8221;{}&#8221;]<\/p>\n<h2>Hotellets popul\u00e4ra julplanka!<\/h2>\n<p>Boka v\u00e5r popul\u00e4ra julplanka f\u00f6r endast 329 kr per person.<\/p>\n<p>Boka p\u00e5 0940-55420 eller info@hotellwilhelmina.se<\/p>\n<p>[\/et_pb_text][\/et_pb_column][\/et_pb_row][\/et_pb_section]<\/p>\n","protected":false},"excerpt":{"rendered":"<p>&nbsp; &nbsp;Varmt v\u00e4lkommen till Hotell Wilhelminas klassiska julbord. Vi dukar upp ett stort julbord med alla klassiska r\u00e4tter och tillbeh\u00f6r. Lunchjulbord serveras 11.00-13.00.Kv\u00e4llsjulbord serveras 17.00-20.00. Fredag den 12\/12 har vi ett julinspirerat Quiz som startar ca. 20.00. Varmt v\u00e4lkomna!\u00c5rets Julshow p\u00e5 Hotell Wilhelmina 2025! L\u00f6rdagen den 13\/12 kommer The Living Jukebox till oss p\u00e5 Hotell [&hellip;]<\/p>\n","protected":false},"author":6,"featured_media":0,"parent":0,"menu_order":0,"comment_status":"closed","ping_status":"closed","template":"","meta":{"_et_pb_use_builder":"on","_et_pb_old_content":"","_et_gb_content_width":"","footnotes":""},"class_list":["post-2736","page","type-page","status-publish","hentry"],"yoast_head":"<!-- This site is optimized with the Yoast SEO plugin v27.4 - https:\/\/yoast.com\/product\/yoast-seo-wordpress\/ -->\n<title>hotellwilhelmina.se\/<\/title>\n<meta name=\"robots\" content=\"index, follow, max-snippet:-1, max-image-preview:large, max-video-preview:-1\" \/>\n<link rel=\"canonical\" href=\"https:\/\/hotellwilhelmina.se\/en\/jul-pa-hotell-wilhelmina-2\/\" \/>\n<meta property=\"og:locale\" content=\"en_GB\" \/>\n<meta property=\"og:type\" content=\"article\" \/>\n<meta property=\"og:title\" content=\"hotellwilhelmina.se\/\" \/>\n<meta property=\"og:description\" content=\"&nbsp; &nbsp;Varmt v\u00e4lkommen till Hotell Wilhelminas klassiska julbord. Vi dukar upp ett stort julbord med alla klassiska r\u00e4tter och tillbeh\u00f6r. Lunchjulbord serveras 11.00-13.00.Kv\u00e4llsjulbord serveras 17.00-20.00. Fredag den 12\/12 har vi ett julinspirerat Quiz som startar ca. 20.00. Varmt v\u00e4lkomna!\u00c5rets Julshow p\u00e5 Hotell Wilhelmina 2025! L\u00f6rdagen den 13\/12 kommer The Living Jukebox till oss p\u00e5 Hotell [&hellip;]\" \/>\n<meta property=\"og:url\" content=\"https:\/\/hotellwilhelmina.se\/en\/jul-pa-hotell-wilhelmina-2\/\" \/>\n<meta property=\"og:site_name\" content=\"Hotell Wilhelmina\" \/>\n<meta property=\"article:publisher\" content=\"https:\/\/www.facebook.com\/Hotell-Wilhelmina-Vilhelmina-109359075799208\/\" \/>\n<meta property=\"article:modified_time\" content=\"2025-11-10T14:29:50+00:00\" \/>\n<meta name=\"twitter:card\" content=\"summary_large_image\" \/>\n<meta name=\"twitter:label1\" content=\"Estimated reading time\" \/>\n\t<meta name=\"twitter:data1\" content=\"4 minutes\" \/>\n<script type=\"application\/ld+json\" class=\"yoast-schema-graph\">{\"@context\":\"https:\\\/\\\/schema.org\",\"@graph\":[{\"@type\":\"WebPage\",\"@id\":\"https:\\\/\\\/hotellwilhelmina.se\\\/jul-pa-hotell-wilhelmina-2\\\/\",\"url\":\"https:\\\/\\\/hotellwilhelmina.se\\\/jul-pa-hotell-wilhelmina-2\\\/\",\"name\":\"hotellwilhelmina.se\\\/\",\"isPartOf\":{\"@id\":\"https:\\\/\\\/hotellwilhelmina.se\\\/#website\"},\"datePublished\":\"2018-10-22T06:50:58+00:00\",\"dateModified\":\"2025-11-10T14:29:50+00:00\",\"breadcrumb\":{\"@id\":\"https:\\\/\\\/hotellwilhelmina.se\\\/jul-pa-hotell-wilhelmina-2\\\/#breadcrumb\"},\"inLanguage\":\"en-GB\",\"potentialAction\":[{\"@type\":\"ReadAction\",\"target\":[\"https:\\\/\\\/hotellwilhelmina.se\\\/jul-pa-hotell-wilhelmina-2\\\/\"]}]},{\"@type\":\"BreadcrumbList\",\"@id\":\"https:\\\/\\\/hotellwilhelmina.se\\\/jul-pa-hotell-wilhelmina-2\\\/#breadcrumb\",\"itemListElement\":[{\"@type\":\"ListItem\",\"position\":1,\"name\":\"Hem\",\"item\":\"https:\\\/\\\/hotellwilhelmina.se\\\/\"},{\"@type\":\"ListItem\",\"position\":2,\"name\":\"Jul p\u00e5 Hotell Wilhelmina\"}]},{\"@type\":\"WebSite\",\"@id\":\"https:\\\/\\\/hotellwilhelmina.se\\\/#website\",\"url\":\"https:\\\/\\\/hotellwilhelmina.se\\\/\",\"name\":\"Hotell Wilhelmina\",\"description\":\"\",\"publisher\":{\"@id\":\"https:\\\/\\\/hotellwilhelmina.se\\\/#organization\"},\"potentialAction\":[{\"@type\":\"SearchAction\",\"target\":{\"@type\":\"EntryPoint\",\"urlTemplate\":\"https:\\\/\\\/hotellwilhelmina.se\\\/?s={search_term_string}\"},\"query-input\":{\"@type\":\"PropertyValueSpecification\",\"valueRequired\":true,\"valueName\":\"search_term_string\"}}],\"inLanguage\":\"en-GB\"},{\"@type\":\"Organization\",\"@id\":\"https:\\\/\\\/hotellwilhelmina.se\\\/#organization\",\"name\":\"Hotell Wilhelmina\",\"url\":\"https:\\\/\\\/hotellwilhelmina.se\\\/\",\"logo\":{\"@type\":\"ImageObject\",\"inLanguage\":\"en-GB\",\"@id\":\"https:\\\/\\\/hotellwilhelmina.se\\\/#\\\/schema\\\/logo\\\/image\\\/\",\"url\":\"https:\\\/\\\/hotellwilhelmina.se\\\/wp-content\\\/uploads\\\/2017\\\/08\\\/logotype.gif\",\"contentUrl\":\"https:\\\/\\\/hotellwilhelmina.se\\\/wp-content\\\/uploads\\\/2017\\\/08\\\/logotype.gif\",\"width\":74,\"height\":65,\"caption\":\"Hotell Wilhelmina\"},\"image\":{\"@id\":\"https:\\\/\\\/hotellwilhelmina.se\\\/#\\\/schema\\\/logo\\\/image\\\/\"},\"sameAs\":[\"https:\\\/\\\/www.facebook.com\\\/Hotell-Wilhelmina-Vilhelmina-109359075799208\\\/\",\"https:\\\/\\\/www.instagram.com\\\/hotellwilhelmina\\\/\"]}]}<\/script>\n<!-- \/ Yoast SEO plugin. -->","yoast_head_json":{"title":"hotellwilhelmina.se\/","robots":{"index":"index","follow":"follow","max-snippet":"max-snippet:-1","max-image-preview":"max-image-preview:large","max-video-preview":"max-video-preview:-1"},"canonical":"https:\/\/hotellwilhelmina.se\/en\/jul-pa-hotell-wilhelmina-2\/","og_locale":"en_GB","og_type":"article","og_title":"hotellwilhelmina.se\/","og_description":"&nbsp; &nbsp;Varmt v\u00e4lkommen till Hotell Wilhelminas klassiska julbord. Vi dukar upp ett stort julbord med alla klassiska r\u00e4tter och tillbeh\u00f6r. Lunchjulbord serveras 11.00-13.00.Kv\u00e4llsjulbord serveras 17.00-20.00. Fredag den 12\/12 har vi ett julinspirerat Quiz som startar ca. 20.00. Varmt v\u00e4lkomna!\u00c5rets Julshow p\u00e5 Hotell Wilhelmina 2025! L\u00f6rdagen den 13\/12 kommer The Living Jukebox till oss p\u00e5 Hotell [&hellip;]","og_url":"https:\/\/hotellwilhelmina.se\/en\/jul-pa-hotell-wilhelmina-2\/","og_site_name":"Hotell Wilhelmina","article_publisher":"https:\/\/www.facebook.com\/Hotell-Wilhelmina-Vilhelmina-109359075799208\/","article_modified_time":"2025-11-10T14:29:50+00:00","twitter_card":"summary_large_image","twitter_misc":{"Estimated reading time":"4 minutes"},"schema":{"@context":"https:\/\/schema.org","@graph":[{"@type":"WebPage","@id":"https:\/\/hotellwilhelmina.se\/jul-pa-hotell-wilhelmina-2\/","url":"https:\/\/hotellwilhelmina.se\/jul-pa-hotell-wilhelmina-2\/","name":"hotellwilhelmina.se\/","isPartOf":{"@id":"https:\/\/hotellwilhelmina.se\/#website"},"datePublished":"2018-10-22T06:50:58+00:00","dateModified":"2025-11-10T14:29:50+00:00","breadcrumb":{"@id":"https:\/\/hotellwilhelmina.se\/jul-pa-hotell-wilhelmina-2\/#breadcrumb"},"inLanguage":"en-GB","potentialAction":[{"@type":"ReadAction","target":["https:\/\/hotellwilhelmina.se\/jul-pa-hotell-wilhelmina-2\/"]}]},{"@type":"BreadcrumbList","@id":"https:\/\/hotellwilhelmina.se\/jul-pa-hotell-wilhelmina-2\/#breadcrumb","itemListElement":[{"@type":"ListItem","position":1,"name":"Hem","item":"https:\/\/hotellwilhelmina.se\/"},{"@type":"ListItem","position":2,"name":"Jul p\u00e5 Hotell Wilhelmina"}]},{"@type":"WebSite","@id":"https:\/\/hotellwilhelmina.se\/#website","url":"https:\/\/hotellwilhelmina.se\/","name":"Hotell Wilhelmina","description":"","publisher":{"@id":"https:\/\/hotellwilhelmina.se\/#organization"},"potentialAction":[{"@type":"SearchAction","target":{"@type":"EntryPoint","urlTemplate":"https:\/\/hotellwilhelmina.se\/?s={search_term_string}"},"query-input":{"@type":"PropertyValueSpecification","valueRequired":true,"valueName":"search_term_string"}}],"inLanguage":"en-GB"},{"@type":"Organization","@id":"https:\/\/hotellwilhelmina.se\/#organization","name":"Hotell Wilhelmina","url":"https:\/\/hotellwilhelmina.se\/","logo":{"@type":"ImageObject","inLanguage":"en-GB","@id":"https:\/\/hotellwilhelmina.se\/#\/schema\/logo\/image\/","url":"https:\/\/hotellwilhelmina.se\/wp-content\/uploads\/2017\/08\/logotype.gif","contentUrl":"https:\/\/hotellwilhelmina.se\/wp-content\/uploads\/2017\/08\/logotype.gif","width":74,"height":65,"caption":"Hotell Wilhelmina"},"image":{"@id":"https:\/\/hotellwilhelmina.se\/#\/schema\/logo\/image\/"},"sameAs":["https:\/\/www.facebook.com\/Hotell-Wilhelmina-Vilhelmina-109359075799208\/","https:\/\/www.instagram.com\/hotellwilhelmina\/"]}]}},"_links":{"self":[{"href":"https:\/\/hotellwilhelmina.se\/en\/wp-json\/wp\/v2\/pages\/2736","targetHints":{"allow":["GET"]}}],"collection":[{"href":"https:\/\/hotellwilhelmina.se\/en\/wp-json\/wp\/v2\/pages"}],"about":[{"href":"https:\/\/hotellwilhelmina.se\/en\/wp-json\/wp\/v2\/types\/page"}],"author":[{"embeddable":true,"href":"https:\/\/hotellwilhelmina.se\/en\/wp-json\/wp\/v2\/users\/6"}],"replies":[{"embeddable":true,"href":"https:\/\/hotellwilhelmina.se\/en\/wp-json\/wp\/v2\/comments?post=2736"}],"version-history":[{"count":45,"href":"https:\/\/hotellwilhelmina.se\/en\/wp-json\/wp\/v2\/pages\/2736\/revisions"}],"predecessor-version":[{"id":5802,"href":"https:\/\/hotellwilhelmina.se\/en\/wp-json\/wp\/v2\/pages\/2736\/revisions\/5802"}],"wp:attachment":[{"href":"https:\/\/hotellwilhelmina.se\/en\/wp-json\/wp\/v2\/media?parent=2736"}],"curies":[{"name":"wp","href":"https:\/\/api.w.org\/{rel}","templated":true}]}}