{"id":1825,"date":"2018-05-22T14:16:41","date_gmt":"2018-05-22T14:16:41","guid":{"rendered":"https:\/\/hotellwilhelmina.se\/?page_id=1825"},"modified":"2018-06-27T14:45:53","modified_gmt":"2018-06-27T14:45:53","slug":"gdpr","status":"publish","type":"page","link":"https:\/\/hotellwilhelmina.se\/en\/gdpr\/","title":{"rendered":"GDPR &#038; Cookies"},"content":{"rendered":"<p>[et_pb_section fb_built=&#8221;1&#8243; fullwidth=&#8221;on&#8221; disabled_on=&#8221;off|off|off&#8221; admin_label=&#8221;Hero&#8221; _builder_version=&#8221;3.8&#8243; parallax=&#8221;on&#8221; custom_padding=&#8221;0px|0px|0|0px|false|false&#8221; transparent_background=&#8221;on&#8221;][et_pb_fullwidth_header title=&#8221;GDPR &#038; Cookies&#8221; text_orientation=&#8221;center&#8221; scroll_down_icon_color=&#8221;#ffffff&#8221; scroll_down_icon_size=&#8221;32px&#8221; button_one_url=&#8221;https:\/\/hotellwilhelmina.se\/boka\/&#8221; background_overlay_color=&#8221;rgba(0,0,0,0.42)&#8221; subhead_font_color=&#8221;#bebebe&#8221; _builder_version=&#8221;3.8&#8243; title_font=&#8221;Playfair Display||||&#8221; title_text_color=&#8221;#ffffff&#8221; title_font_size=&#8221;72px&#8221; title_font_size_phone=&#8221;46px&#8221; title_font_size_last_edited=&#8221;on|phone&#8221; title_line_height=&#8221;1.3em&#8221; title_line_height_last_edited=&#8221;off|desktop&#8221; content_font=&#8221;Montserrat||||&#8221; content_text_color=&#8221;#bfbfbf&#8221; content_font_size=&#8221;19px&#8221; content_line_height=&#8221;1.8em&#8221; subhead_font=&#8221;Montserrat||||&#8221; subhead_text_color=&#8221;#bebebe&#8221; subhead_line_height=&#8221;1.8em&#8221; background_color=&#8221;rgba(13,96,49,0)&#8221; use_background_color_gradient=&#8221;on&#8221; background_color_gradient_direction=&#8221;176deg&#8221; background_image=&#8221;https:\/\/hotellwilhelmina.se\/wp-content\/uploads\/2018\/06\/travel-landscape-08.jpg&#8221; custom_button_one=&#8221;on&#8221; button_one_text_color=&#8221;#ffffff&#8221; button_one_font=&#8221;||||||||&#8221; custom_padding=&#8221;5%||5%|&#8221; animation_style=&#8221;zoom&#8221; animation_duration=&#8221;1500ms&#8221; animation_intensity_zoom=&#8221;4%&#8221;]<\/p>\n<p>&nbsp;<\/p>\n<p>&nbsp;<\/p>\n<p>[\/et_pb_fullwidth_header][\/et_pb_section][et_pb_section fb_built=&#8221;1&#8243; admin_label=&#8221;Our Story&#8221; _builder_version=&#8221;3.8&#8243; background_color=&#8221;#000000&#8243; background_position=&#8221;top_left&#8221; custom_padding=&#8221;36px|0px|24px|0px|false|false&#8221; collapsed=&#8221;off&#8221;][et_pb_row custom_padding=&#8221;|||&#8221; custom_margin=&#8221;|||&#8221; background_position_1=&#8221;top_left&#8221; background_position_2=&#8221;top_left&#8221; background_repeat_1=&#8221;no-repeat&#8221; background_repeat_2=&#8221;no-repeat&#8221; padding_top_2=&#8221;60px&#8221; _builder_version=&#8221;3.0.77&#8243; background_size=&#8221;initial&#8221; background_position=&#8221;top_left&#8221; background_repeat=&#8221;repeat&#8221;][et_pb_column type=&#8221;4_4&#8243; _builder_version=&#8221;3.0.47&#8243; parallax=&#8221;off&#8221; parallax_method=&#8221;on&#8221; background_position=&#8221;top_left&#8221; background_repeat=&#8221;no-repeat&#8221;][et_pb_text disabled_on=&#8221;on|on|off&#8221; _builder_version=&#8221;3.0.77&#8243; text_font=&#8221;||||&#8221; text_text_color=&#8221;#1f1f1f&#8221; header_font=&#8221;Playfair Display||||&#8221; header_text_color=&#8221;#1f1f1f&#8221; header_font_size=&#8221;48px&#8221; header_line_height=&#8221;1.3em&#8221; background_size=&#8221;initial&#8221; background_position=&#8221;top_left&#8221; background_repeat=&#8221;repeat&#8221;]<\/p>\n<h1><span color=\"#ffffff\" style=\"color: #ffffff;\">OM GDPR &amp; Cookies<\/span><\/h1>\n<p>[\/et_pb_text][et_pb_text _builder_version=&#8221;3.8&#8243;]<\/p>\n<p>Den h\u00e4r webbplatsen anv\u00e4nder sig av cookies f\u00f6r att tillhandah\u00e5lla information till webbplatsens \u00e4gare hur bes\u00f6kare navigerar och hanterar sidan via Google Analytics.<\/p>\n<p>Om cookies<br \/>Sedan den 1 juli 2011 s\u00e5 f\u00e5r cookies och annan teknik som anv\u00e4nds f\u00f6r att lagra eller h\u00e4mta uppgifter bara anv\u00e4ndas med bes\u00f6karens samtycke \u2013 detta samtycke l\u00e4mnas p\u00e5 olika s\u00e4tt exempelvis genom bes\u00f6karens webbl\u00e4sare.\u00a0Om du inte vill att din webbl\u00e4sare ska l\u00e4mna samtycke till att cookies fr\u00e5n\u00a0hotellwilhelmina.se\u00a0lagras i din dator, s\u00e5 kan du \u00e4ndra detta i din webbl\u00e4sares inst\u00e4llningar. L\u00e4s mer p\u00e5 www.minacookies.se. Cookies \u00e4r passiva filer som webbplatser lagrar p\u00e5 sina bes\u00f6kares datorer, bl.a. f\u00f6r att de ska k\u00e4nna igen dessa datorer n\u00e4sta g\u00e5ng de f\u00e5r bes\u00f6k av dem.<\/p>\n<p>Om GDPR<br \/>Det \u00e4r viktigt f\u00f6r oss p\u00e5 Hotell Wilhelmina att du k\u00e4nner dig trygg med hur vi hanterar dina personuppgifter. D\u00e4rf\u00f6r \u00e4r vi \u00f6ppna med hur vi samlar in, behandlar och delar med oss av den information som vi sparar om dig hos oss. Vi s\u00e4ljer aldrig dina personuppgifter till andra f\u00f6retag.<\/p>\n<p>Personuppgifter \u00e4r all information som kan anv\u00e4ndas f\u00f6r att identifiera en enskild person. Exempel p\u00e5 detta kan vara grundl\u00e4ggande uppgifter om dig som namn och kontaktuppgifter. Det kan ocks\u00e5 vara bokningshistorik, och annat i likhet med detta du som bokat av oss.<br \/>Vi sparar ingen on\u00f6dig, \u00f6verfl\u00f6dig information.<\/p>\n<p>De personuppgifter du l\u00e4mnar vid k\u00f6p ser vi till att skydda. Vi ser till att behandlingen f\u00f6ljer b\u00e5de g\u00e4llande dataskyddsregler (GDPR), interna riktlinjer och rutiner.<\/p>\n<p>P\u00e5 den h\u00e4r sidan beskriver vi hur och varf\u00f6r vi behandlar dina personuppgifter, samt vilka r\u00e4ttigheter du har.<\/p>\n<p>Hotell Wilhelmina anv\u00e4nder Personuppgifter enbart f\u00f6r att<br \/>\u2013 Administrera samt bekr\u00e4fta bokningar<br \/>\u2013 Vi anv\u00e4nder enbart mail och telefonbokningar f\u00f6r att samla in personuppgifter<\/p>\n<p>E-post \u2013 Vi sparar ditt mail eftersom det ofta finns \u00e5terkommande information som kan vara av vikt f\u00f6r framtida kommunikation<\/p>\n<p>Sociala medier \u2013 De sociala medier vi anv\u00e4nder \u00e4r: Facebook, Instagram, twitter och Pinterest. Deras villkor och avtal har vi accepterat och signerat. Vi f\u00f6ljer deras regelverk och \u00f6nskar du inte f\u00f6lja oss l\u00e4ngre avanm\u00e4ler du dig via respektive socialt media.<\/p>\n<p>Du har r\u00e4tt att n\u00e4r som helst beg\u00e4ra att Hotell Wilhelmina inte behandlar dina Personuppgifter f\u00f6r marknadsf\u00f6rings\u00e4ndam\u00e5l eller \u00e5terkalla ditt samtycke till detta. Du kan utnyttja denna r\u00e4tt genom att kontakta Hotell Wilhelmina<\/p>\n<p>Vid personuppgiftsincident rapporteras Datainspektionen inom 72h \u2013 ber\u00f6rda informeras och h\u00e4ndelsen dokumenteras p\u00e5 f\u00f6retaget och sparas tillsammans med den bokf\u00f6ring som enligt bokf\u00f6ringslagen skall arkiveras.<br \/>Beg\u00e4ran om tillg\u00e5ng: Inom en m\u00e5nad skickas skriftlig kopia p\u00e5 personuppgifter<\/p>\n<p>Hotell Wilhelmina kan l\u00e4mna ut Personuppgifter till tredje man, s\u00e5som t.ex. polis eller annan myndighet, om det r\u00f6r utredning av brott eller om de f\u00f6ljs av s\u00e5dan uppgift med st\u00f6d av lag eller myndighetsbeslut.<\/p>\n<p>[\/et_pb_text][\/et_pb_column][\/et_pb_row][\/et_pb_section][et_pb_section fb_built=&#8221;1&#8243; admin_label=&#8221;Contact Us&#8221; _builder_version=&#8221;3.8&#8243; background_color=&#8221;rgba(0,0,0,0.75)&#8221; background_image=&#8221;https:\/\/hotellwilhelmina.se\/wp-content\/uploads\/2018\/04\/head_restarung.jpg&#8221; background_blend=&#8221;color&#8221; custom_padding=&#8221;100px|0px|100px|0px&#8221; collapsed=&#8221;off&#8221;][\/et_pb_section]<\/p>\n","protected":false},"excerpt":{"rendered":"<p>&nbsp; &nbsp;OM GDPR &amp; CookiesDen h\u00e4r webbplatsen anv\u00e4nder sig av cookies f\u00f6r att tillhandah\u00e5lla information till webbplatsens \u00e4gare hur bes\u00f6kare navigerar och hanterar sidan via Google Analytics. Om cookiesSedan den 1 juli 2011 s\u00e5 f\u00e5r cookies och annan teknik som anv\u00e4nds f\u00f6r att lagra eller h\u00e4mta uppgifter bara anv\u00e4ndas med bes\u00f6karens samtycke \u2013 detta samtycke [&hellip;]<\/p>\n","protected":false},"author":3,"featured_media":0,"parent":0,"menu_order":0,"comment_status":"closed","ping_status":"closed","template":"","meta":{"_et_pb_use_builder":"on","_et_pb_old_content":"","_et_gb_content_width":"","footnotes":""},"class_list":["post-1825","page","type-page","status-publish","hentry"],"yoast_head":"<!-- This site is optimized with the Yoast SEO plugin v27.4 - https:\/\/yoast.com\/product\/yoast-seo-wordpress\/ -->\n<title>hotellwilhelmina.se\/<\/title>\n<meta name=\"robots\" content=\"index, follow, max-snippet:-1, max-image-preview:large, max-video-preview:-1\" \/>\n<link rel=\"canonical\" href=\"https:\/\/hotellwilhelmina.se\/en\/gdpr\/\" \/>\n<meta property=\"og:locale\" content=\"en_GB\" \/>\n<meta property=\"og:type\" content=\"article\" \/>\n<meta property=\"og:title\" content=\"hotellwilhelmina.se\/\" \/>\n<meta property=\"og:description\" content=\"&nbsp; &nbsp;OM GDPR &amp; CookiesDen h\u00e4r webbplatsen anv\u00e4nder sig av cookies f\u00f6r att tillhandah\u00e5lla information till webbplatsens \u00e4gare hur bes\u00f6kare navigerar och hanterar sidan via Google Analytics. Om cookiesSedan den 1 juli 2011 s\u00e5 f\u00e5r cookies och annan teknik som anv\u00e4nds f\u00f6r att lagra eller h\u00e4mta uppgifter bara anv\u00e4ndas med bes\u00f6karens samtycke \u2013 detta samtycke [&hellip;]\" \/>\n<meta property=\"og:url\" content=\"https:\/\/hotellwilhelmina.se\/en\/gdpr\/\" \/>\n<meta property=\"og:site_name\" content=\"Hotell Wilhelmina\" \/>\n<meta property=\"article:publisher\" content=\"https:\/\/www.facebook.com\/Hotell-Wilhelmina-Vilhelmina-109359075799208\/\" \/>\n<meta property=\"article:modified_time\" content=\"2018-06-27T14:45:53+00:00\" \/>\n<meta name=\"twitter:card\" content=\"summary_large_image\" \/>\n<meta name=\"twitter:label1\" content=\"Estimated reading time\" \/>\n\t<meta name=\"twitter:data1\" content=\"4 minutes\" \/>\n<script type=\"application\/ld+json\" class=\"yoast-schema-graph\">{\"@context\":\"https:\\\/\\\/schema.org\",\"@graph\":[{\"@type\":\"WebPage\",\"@id\":\"https:\\\/\\\/hotellwilhelmina.se\\\/gdpr\\\/\",\"url\":\"https:\\\/\\\/hotellwilhelmina.se\\\/gdpr\\\/\",\"name\":\"hotellwilhelmina.se\\\/\",\"isPartOf\":{\"@id\":\"https:\\\/\\\/hotellwilhelmina.se\\\/#website\"},\"datePublished\":\"2018-05-22T14:16:41+00:00\",\"dateModified\":\"2018-06-27T14:45:53+00:00\",\"breadcrumb\":{\"@id\":\"https:\\\/\\\/hotellwilhelmina.se\\\/gdpr\\\/#breadcrumb\"},\"inLanguage\":\"en-GB\",\"potentialAction\":[{\"@type\":\"ReadAction\",\"target\":[\"https:\\\/\\\/hotellwilhelmina.se\\\/gdpr\\\/\"]}]},{\"@type\":\"BreadcrumbList\",\"@id\":\"https:\\\/\\\/hotellwilhelmina.se\\\/gdpr\\\/#breadcrumb\",\"itemListElement\":[{\"@type\":\"ListItem\",\"position\":1,\"name\":\"Hem\",\"item\":\"https:\\\/\\\/hotellwilhelmina.se\\\/\"},{\"@type\":\"ListItem\",\"position\":2,\"name\":\"GDPR &#038; Cookies\"}]},{\"@type\":\"WebSite\",\"@id\":\"https:\\\/\\\/hotellwilhelmina.se\\\/#website\",\"url\":\"https:\\\/\\\/hotellwilhelmina.se\\\/\",\"name\":\"Hotell Wilhelmina\",\"description\":\"\",\"publisher\":{\"@id\":\"https:\\\/\\\/hotellwilhelmina.se\\\/#organization\"},\"potentialAction\":[{\"@type\":\"SearchAction\",\"target\":{\"@type\":\"EntryPoint\",\"urlTemplate\":\"https:\\\/\\\/hotellwilhelmina.se\\\/?s={search_term_string}\"},\"query-input\":{\"@type\":\"PropertyValueSpecification\",\"valueRequired\":true,\"valueName\":\"search_term_string\"}}],\"inLanguage\":\"en-GB\"},{\"@type\":\"Organization\",\"@id\":\"https:\\\/\\\/hotellwilhelmina.se\\\/#organization\",\"name\":\"Hotell Wilhelmina\",\"url\":\"https:\\\/\\\/hotellwilhelmina.se\\\/\",\"logo\":{\"@type\":\"ImageObject\",\"inLanguage\":\"en-GB\",\"@id\":\"https:\\\/\\\/hotellwilhelmina.se\\\/#\\\/schema\\\/logo\\\/image\\\/\",\"url\":\"https:\\\/\\\/hotellwilhelmina.se\\\/wp-content\\\/uploads\\\/2017\\\/08\\\/logotype.gif\",\"contentUrl\":\"https:\\\/\\\/hotellwilhelmina.se\\\/wp-content\\\/uploads\\\/2017\\\/08\\\/logotype.gif\",\"width\":74,\"height\":65,\"caption\":\"Hotell Wilhelmina\"},\"image\":{\"@id\":\"https:\\\/\\\/hotellwilhelmina.se\\\/#\\\/schema\\\/logo\\\/image\\\/\"},\"sameAs\":[\"https:\\\/\\\/www.facebook.com\\\/Hotell-Wilhelmina-Vilhelmina-109359075799208\\\/\",\"https:\\\/\\\/www.instagram.com\\\/hotellwilhelmina\\\/\"]}]}<\/script>\n<!-- \/ Yoast SEO plugin. -->","yoast_head_json":{"title":"hotellwilhelmina.se\/","robots":{"index":"index","follow":"follow","max-snippet":"max-snippet:-1","max-image-preview":"max-image-preview:large","max-video-preview":"max-video-preview:-1"},"canonical":"https:\/\/hotellwilhelmina.se\/en\/gdpr\/","og_locale":"en_GB","og_type":"article","og_title":"hotellwilhelmina.se\/","og_description":"&nbsp; &nbsp;OM GDPR &amp; CookiesDen h\u00e4r webbplatsen anv\u00e4nder sig av cookies f\u00f6r att tillhandah\u00e5lla information till webbplatsens \u00e4gare hur bes\u00f6kare navigerar och hanterar sidan via Google Analytics. Om cookiesSedan den 1 juli 2011 s\u00e5 f\u00e5r cookies och annan teknik som anv\u00e4nds f\u00f6r att lagra eller h\u00e4mta uppgifter bara anv\u00e4ndas med bes\u00f6karens samtycke \u2013 detta samtycke [&hellip;]","og_url":"https:\/\/hotellwilhelmina.se\/en\/gdpr\/","og_site_name":"Hotell Wilhelmina","article_publisher":"https:\/\/www.facebook.com\/Hotell-Wilhelmina-Vilhelmina-109359075799208\/","article_modified_time":"2018-06-27T14:45:53+00:00","twitter_card":"summary_large_image","twitter_misc":{"Estimated reading time":"4 minutes"},"schema":{"@context":"https:\/\/schema.org","@graph":[{"@type":"WebPage","@id":"https:\/\/hotellwilhelmina.se\/gdpr\/","url":"https:\/\/hotellwilhelmina.se\/gdpr\/","name":"hotellwilhelmina.se\/","isPartOf":{"@id":"https:\/\/hotellwilhelmina.se\/#website"},"datePublished":"2018-05-22T14:16:41+00:00","dateModified":"2018-06-27T14:45:53+00:00","breadcrumb":{"@id":"https:\/\/hotellwilhelmina.se\/gdpr\/#breadcrumb"},"inLanguage":"en-GB","potentialAction":[{"@type":"ReadAction","target":["https:\/\/hotellwilhelmina.se\/gdpr\/"]}]},{"@type":"BreadcrumbList","@id":"https:\/\/hotellwilhelmina.se\/gdpr\/#breadcrumb","itemListElement":[{"@type":"ListItem","position":1,"name":"Hem","item":"https:\/\/hotellwilhelmina.se\/"},{"@type":"ListItem","position":2,"name":"GDPR &#038; Cookies"}]},{"@type":"WebSite","@id":"https:\/\/hotellwilhelmina.se\/#website","url":"https:\/\/hotellwilhelmina.se\/","name":"Hotell Wilhelmina","description":"","publisher":{"@id":"https:\/\/hotellwilhelmina.se\/#organization"},"potentialAction":[{"@type":"SearchAction","target":{"@type":"EntryPoint","urlTemplate":"https:\/\/hotellwilhelmina.se\/?s={search_term_string}"},"query-input":{"@type":"PropertyValueSpecification","valueRequired":true,"valueName":"search_term_string"}}],"inLanguage":"en-GB"},{"@type":"Organization","@id":"https:\/\/hotellwilhelmina.se\/#organization","name":"Hotell Wilhelmina","url":"https:\/\/hotellwilhelmina.se\/","logo":{"@type":"ImageObject","inLanguage":"en-GB","@id":"https:\/\/hotellwilhelmina.se\/#\/schema\/logo\/image\/","url":"https:\/\/hotellwilhelmina.se\/wp-content\/uploads\/2017\/08\/logotype.gif","contentUrl":"https:\/\/hotellwilhelmina.se\/wp-content\/uploads\/2017\/08\/logotype.gif","width":74,"height":65,"caption":"Hotell Wilhelmina"},"image":{"@id":"https:\/\/hotellwilhelmina.se\/#\/schema\/logo\/image\/"},"sameAs":["https:\/\/www.facebook.com\/Hotell-Wilhelmina-Vilhelmina-109359075799208\/","https:\/\/www.instagram.com\/hotellwilhelmina\/"]}]}},"_links":{"self":[{"href":"https:\/\/hotellwilhelmina.se\/en\/wp-json\/wp\/v2\/pages\/1825","targetHints":{"allow":["GET"]}}],"collection":[{"href":"https:\/\/hotellwilhelmina.se\/en\/wp-json\/wp\/v2\/pages"}],"about":[{"href":"https:\/\/hotellwilhelmina.se\/en\/wp-json\/wp\/v2\/types\/page"}],"author":[{"embeddable":true,"href":"https:\/\/hotellwilhelmina.se\/en\/wp-json\/wp\/v2\/users\/3"}],"replies":[{"embeddable":true,"href":"https:\/\/hotellwilhelmina.se\/en\/wp-json\/wp\/v2\/comments?post=1825"}],"version-history":[{"count":7,"href":"https:\/\/hotellwilhelmina.se\/en\/wp-json\/wp\/v2\/pages\/1825\/revisions"}],"predecessor-version":[{"id":2227,"href":"https:\/\/hotellwilhelmina.se\/en\/wp-json\/wp\/v2\/pages\/1825\/revisions\/2227"}],"wp:attachment":[{"href":"https:\/\/hotellwilhelmina.se\/en\/wp-json\/wp\/v2\/media?parent=1825"}],"curies":[{"name":"wp","href":"https:\/\/api.w.org\/{rel}","templated":true}]}}