{"id":1729,"date":"2018-04-19T08:47:24","date_gmt":"2018-04-19T08:47:24","guid":{"rendered":"http:\/\/wptest.idenfors.se\/?page_id=1729"},"modified":"2018-06-26T18:36:48","modified_gmt":"2018-06-26T18:36:48","slug":"hotellet","status":"publish","type":"page","link":"https:\/\/hotellwilhelmina.se\/en\/hotellet\/","title":{"rendered":"Hotel"},"content":{"rendered":"<p>[et_pb_section fb_built=&#8221;1&#8243; fullwidth=&#8221;on&#8221; disabled_on=&#8221;on|off|off&#8221; admin_label=&#8221;Hero Section&#8221; _builder_version=&#8221;3.8&#8243; parallax=&#8221;on&#8221; custom_padding=&#8221;0|0px|0|0px|false|false&#8221; animation_style=&#8221;fade&#8221;][et_pb_fullwidth_header title=&#8221;Hotellinformation&#8221; subhead=&#8221;Hotell Wilhelmina&#8221; header_fullscreen=&#8221;on&#8221; button_one_text=&#8221;Boka rum&#8221; background_overlay_color=&#8221;rgba(29,38,51,0.86)&#8221; content_max_width=&#8221;700px&#8221; admin_label=&#8221;Hero&#8221; _builder_version=&#8221;3.8&#8243; title_font=&#8221;Playfair Display|||on|||||&#8221; title_font_size=&#8221;80px&#8221; title_line_height=&#8221;1.3em&#8221; content_font=&#8221;Roboto||||&#8221; content_font_size=&#8221;20px&#8221; content_line_height=&#8221;1.7em&#8221; background_color=&#8221;rgba(255,255,255,0)&#8221; background_image=&#8221;https:\/\/hotellwilhelmina.se\/wp-content\/uploads\/2018\/06\/IMG_3912.jpg&#8221; parallax=&#8221;on&#8221; parallax_method=&#8221;on&#8221; custom_button_one=&#8221;on&#8221; button_one_border_radius=&#8221;0px&#8221; button_one_letter_spacing=&#8221;4px&#8221; button_one_font=&#8221;|700||on|||||&#8221; button_one_icon=&#8221;%%3%%&#8221; button_one_icon_color=&#8221;#ffffff&#8221; button_one_text_color_hover=&#8221;#ffffff&#8221; button_one_bg_color_hover=&#8221;rgba(0,0,0,0)&#8221; button_one_border_color_hover=&#8221;#ffffff&#8221; button_one_border_radius_hover=&#8221;0px&#8221; button_one_letter_spacing_hover=&#8221;4px&#8221; animation_style=&#8221;zoom&#8221; animation_direction=&#8221;bottom&#8221; animation_intensity_zoom=&#8221;4%&#8221; button_one_text_color=&#8221;#ffffff&#8221; button_one_border_color=&#8221;#ffffff&#8221; title_font_size_last_edited=&#8221;on|phone&#8221; title_font_size_phone=&#8221;31px&#8221;][\/et_pb_fullwidth_header][\/et_pb_section][et_pb_section fb_built=&#8221;1&#8243; _builder_version=&#8221;3.8&#8243; background_color=&#8221;#000000&#8243; custom_padding=&#8221;28px||31px||false|false&#8221;][et_pb_row _builder_version=&#8221;3.0.69&#8243;][et_pb_column type=&#8221;1_2&#8243; _builder_version=&#8221;3.0.47&#8243; parallax=&#8221;off&#8221; parallax_method=&#8221;on&#8221;][et_pb_text admin_label=&#8221;Discover Beatuty Sub Title&#8221; _builder_version=&#8221;3.0.76&#8243; text_font=&#8221;Roboto||||&#8221; text_text_color=&#8221;#1a1a1a&#8221; text_font_size=&#8221;24px&#8221; text_line_height=&#8221;1.4em&#8221; animation_style=&#8221;slide&#8221; animation_direction=&#8221;top&#8221; animation_intensity_slide=&#8221;10%&#8221;]<\/p>\n<p>Hotell Wilhelmina invigdes ny\u00e5rsafton 1964-1965 och har sedan dess st\u00e5tt f\u00f6r f\u00f6rstklassig service, god mat &amp; med en atmosf\u00e4r som andas s\u00e5v\u00e4l skog som fj\u00e4ll.<\/p>\n<p>[\/et_pb_text][et_pb_divider color=&#8221;#000000&#8243; divider_position=&#8221;center&#8221; divider_weight=&#8221;3px&#8221; height=&#8221;false&#8221; disabled_on=&#8221;off|off|off&#8221; _builder_version=&#8221;3.8&#8243; max_width=&#8221;150px&#8221; animation_style=&#8221;slide&#8221; animation_direction=&#8221;top&#8221; animation_delay=&#8221;100ms&#8221; animation_intensity_slide=&#8221;10%&#8221;][\/et_pb_divider][et_pb_text admin_label=&#8221;Discover Beatuty Text&#8221; _builder_version=&#8221;3.0.76&#8243; text_font=&#8221;Roboto||||&#8221; text_font_size=&#8221;16px&#8221; text_line_height=&#8221;1.9em&#8221; custom_padding=&#8221;30px|||&#8221; animation_style=&#8221;slide&#8221; animation_direction=&#8221;top&#8221; animation_delay=&#8221;200ms&#8221; animation_intensity_slide=&#8221;10%&#8221;]<\/p>\n<div class=\"nd_options_section nd_options_height_20\"><\/div>\n<div class=\"nd_options_section nd_options_height_20\">Bygg\u00e5r 1964<\/div>\n<div class=\"vc_row wpb_row vc_row-fluid\">\n<div class=\"wpb_column vc_column_container vc_col-sm-6\">\n<div class=\"vc_column-inner \">\n<div class=\"wpb_wrapper\">\n<div class=\"wpb_text_column wpb_content_element \">\n<div class=\"wpb_wrapper\">\n<p>&nbsp;<\/p>\n<p>Antal rum 64<br \/>Konferenslokaler 5<\/p>\n<p>Hotell Wilhelmina har 64 rum och en magnifik utsikt \u00f6ver Volgsj\u00f6ns glittrande vatten samt Blaikfj\u00e4llet.<\/p>\n<p>Hotell Wilhelmina ligger inte mer \u00e4n 2 timmar fr\u00e5n Arlanda, Stockholm.<\/p>\n<\/div>\n<\/div>\n<\/div>\n<\/div>\n<\/div>\n<\/div>\n<p><span>V\u00e4lj rumstyp i menyn f\u00f6r mer information om rummen eller v\u00e4lj boka f\u00f6r att g\u00f6ra en bokningsf\u00f6rfr\u00e5gan<\/span><\/p>\n<p>&nbsp;<\/p>\n<p>.<\/p>\n<p>[\/et_pb_text][et_pb_image src=&#8221;https:\/\/hotellwilhelmina.se\/wp-content\/uploads\/2018\/03\/relax.jpg&#8221; force_fullwidth=&#8221;on&#8221; _builder_version=&#8221;3.8&#8243; custom_margin=&#8221;90px|||&#8221; animation_style=&#8221;fold&#8221; animation_direction=&#8221;left&#8221; animation_intensity_fold=&#8221;20%&#8221; animation=&#8221;fade_in&#8221;][\/et_pb_image][\/et_pb_column][et_pb_column type=&#8221;1_2&#8243; _builder_version=&#8221;3.0.47&#8243; parallax=&#8221;off&#8221; parallax_method=&#8221;on&#8221;][et_pb_text disabled_on=&#8221;on|off|off&#8221; admin_label=&#8221;Discover Beatuty Title&#8221; _builder_version=&#8221;3.8&#8243; text_font=&#8221;||||&#8221; text_text_color=&#8221;#1a1a1a&#8221; header_font=&#8221;Oswald|on||on|&#8221; header_text_align=&#8221;right&#8221; header_font_size=&#8221;60px&#8221; header_line_height=&#8221;1.3em&#8221; animation_style=&#8221;slide&#8221; animation_direction=&#8221;top&#8221; animation_intensity_slide=&#8221;10%&#8221;]<\/p>\n<h1>I S\u00d6DRA LAPPLANDS HJ\u00c4RTA<\/h1>\n<p>[\/et_pb_text][et_pb_image src=&#8221;https:\/\/hotellwilhelmina.se\/wp-content\/uploads\/2018\/06\/IMG_3908-e1528802462875.jpg&#8221; force_fullwidth=&#8221;on&#8221; _builder_version=&#8221;3.8&#8243; custom_margin=&#8221;90px|||&#8221; animation_style=&#8221;fold&#8221; animation_direction=&#8221;right&#8221; animation_intensity_fold=&#8221;20%&#8221; animation=&#8221;fade_in&#8221;][\/et_pb_image][\/et_pb_column][\/et_pb_row][\/et_pb_section][et_pb_section fb_built=&#8221;1&#8243; disabled_on=&#8221;on|off|off&#8221; admin_label=&#8221;Video&#8221; _builder_version=&#8221;3.8&#8243; background_color=&#8221;#000000&#8243; parallax=&#8221;on&#8221; custom_padding=&#8221;110px||110px|&#8221;][et_pb_row make_fullwidth=&#8221;on&#8221; use_custom_gutter=&#8221;on&#8221; gutter_width=&#8221;1&#8243; custom_padding=&#8221;0|0px|14px|0px|false|false&#8221; make_equal=&#8221;on&#8221; admin_label=&#8221;Gallery&#8221; _builder_version=&#8221;3.0.76&#8243;][et_pb_column type=&#8221;1_4&#8243; _builder_version=&#8221;3.0.47&#8243; parallax=&#8221;off&#8221; parallax_method=&#8221;on&#8221;][et_pb_image src=&#8221;https:\/\/hotellwilhelmina.se\/wp-content\/uploads\/2018\/03\/gym.jpg&#8221; show_in_lightbox=&#8221;on&#8221; force_fullwidth=&#8221;on&#8221; _builder_version=&#8221;3.8&#8243; animation_style=&#8221;zoom&#8221; animation_intensity_zoom=&#8221;10%&#8221;][\/et_pb_image][\/et_pb_column][et_pb_column type=&#8221;1_4&#8243; _builder_version=&#8221;3.0.47&#8243; parallax=&#8221;off&#8221; parallax_method=&#8221;on&#8221;][et_pb_image src=&#8221;https:\/\/hotellwilhelmina.se\/wp-content\/uploads\/2018\/06\/IMG_3908-e1528802462875.jpg&#8221; show_in_lightbox=&#8221;on&#8221; force_fullwidth=&#8221;on&#8221; _builder_version=&#8221;3.8&#8243; animation_style=&#8221;zoom&#8221; animation_delay=&#8221;100ms&#8221; animation_intensity_zoom=&#8221;10%&#8221; locked=&#8221;off&#8221;][\/et_pb_image][\/et_pb_column][et_pb_column type=&#8221;1_4&#8243; _builder_version=&#8221;3.0.47&#8243; parallax=&#8221;off&#8221; parallax_method=&#8221;on&#8221;][et_pb_image src=&#8221;https:\/\/hotellwilhelmina.se\/wp-content\/uploads\/2017\/12\/bubbel_dag_ljus_staende2.jpg&#8221; show_in_lightbox=&#8221;on&#8221; force_fullwidth=&#8221;on&#8221; _builder_version=&#8221;3.8&#8243; animation_style=&#8221;zoom&#8221; animation_delay=&#8221;200ms&#8221; animation_intensity_zoom=&#8221;10%&#8221; locked=&#8221;off&#8221;][\/et_pb_image][\/et_pb_column][et_pb_column type=&#8221;1_4&#8243; _builder_version=&#8221;3.0.47&#8243; parallax=&#8221;off&#8221; parallax_method=&#8221;on&#8221;][et_pb_image src=&#8221;https:\/\/hotellwilhelmina.se\/wp-content\/uploads\/2018\/03\/restaurang.2.jpg&#8221; show_in_lightbox=&#8221;on&#8221; force_fullwidth=&#8221;on&#8221; _builder_version=&#8221;3.8&#8243; animation_style=&#8221;zoom&#8221; animation_delay=&#8221;300ms&#8221; animation_intensity_zoom=&#8221;10%&#8221; locked=&#8221;off&#8221;][\/et_pb_image][\/et_pb_column][\/et_pb_row][\/et_pb_section]<\/p>\n","protected":false},"excerpt":{"rendered":"<p>Hotell Wilhelmina invigdes ny\u00e5rsafton 1964-1965 och har sedan dess st\u00e5tt f\u00f6r f\u00f6rstklassig service, god mat &amp; med en atmosf\u00e4r som andas s\u00e5v\u00e4l skog som fj\u00e4ll. Bygg\u00e5r 1964 &nbsp; Antal rum 64Konferenslokaler 5 Hotell Wilhelmina har 64 rum och en magnifik utsikt \u00f6ver Volgsj\u00f6ns glittrande vatten samt Blaikfj\u00e4llet. Hotell Wilhelmina ligger inte mer \u00e4n 2 timmar [&hellip;]<\/p>\n","protected":false},"author":3,"featured_media":0,"parent":0,"menu_order":0,"comment_status":"closed","ping_status":"closed","template":"","meta":{"_et_pb_use_builder":"on","_et_pb_old_content":"&nbsp;\r\n<div class=\"nd_options_section nd_options_height_20\">\r\n<h1 class=\"\"><strong>Hotellinformation<\/strong><\/h1>\r\n<\/div>\r\n<div class=\"nd_options_section nd_options_height_20\">Bygg\u00e5r 1964<\/div>\r\n<div class=\"vc_row wpb_row vc_row-fluid\">\r\n<div class=\"wpb_column vc_column_container vc_col-sm-6\">\r\n<div class=\"vc_column-inner \">\r\n<div class=\"wpb_wrapper\">\r\n<div class=\"wpb_text_column wpb_content_element \">\r\n<div class=\"wpb_wrapper\">\r\n\r\nAntal rum 64\r\nKonferenslokaler 5\r\n\r\nHotell Wilhelmina invigdes ny\u00e5rsafton 1964-1965 och har sedan dess st\u00e5tt f\u00f6r f\u00f6rstklassig service, god mat &amp; med en atmosf\u00e4r som andas s\u00e5v\u00e4l skog som fj\u00e4ll. Hotell Wilhelmina har 64 rum och en magnifik utsikt \u00f6ver Volgsj\u00f6ns glittrande vatten samt Blaikfj\u00e4llet.\r\n\r\nHotell Wilhelmina ligger inte mer \u00e4n 2 timmar fr\u00e5n Arlanda, Stockholm.\r\n\r\n<\/div>\r\n<\/div>\r\n<\/div>\r\n<\/div>\r\n<\/div>\r\n<\/div>\r\n<span style=\"color: #333333; font-size: 18px;\">V\u00e4lj rumstyp i menyn f\u00f6r mer information om rummen eller v\u00e4lj boka f\u00f6r att g\u00f6ra en bokningsf\u00f6rfr\u00e5gan<\/span>\r\n\r\n&nbsp;","_et_gb_content_width":"","footnotes":""},"class_list":["post-1729","page","type-page","status-publish","hentry"],"yoast_head":"<!-- This site is optimized with the Yoast SEO plugin v27.4 - https:\/\/yoast.com\/product\/yoast-seo-wordpress\/ -->\n<title>hotellwilhelmina.se\/<\/title>\n<meta name=\"robots\" content=\"index, follow, max-snippet:-1, max-image-preview:large, max-video-preview:-1\" \/>\n<link rel=\"canonical\" href=\"https:\/\/hotellwilhelmina.se\/en\/hotellet\/\" \/>\n<meta property=\"og:locale\" content=\"en_GB\" \/>\n<meta property=\"og:type\" content=\"article\" \/>\n<meta property=\"og:title\" content=\"hotellwilhelmina.se\/\" \/>\n<meta property=\"og:description\" content=\"Hotell Wilhelmina invigdes ny\u00e5rsafton 1964-1965 och har sedan dess st\u00e5tt f\u00f6r f\u00f6rstklassig service, god mat &amp; med en atmosf\u00e4r som andas s\u00e5v\u00e4l skog som fj\u00e4ll. Bygg\u00e5r 1964 &nbsp; Antal rum 64Konferenslokaler 5 Hotell Wilhelmina har 64 rum och en magnifik utsikt \u00f6ver Volgsj\u00f6ns glittrande vatten samt Blaikfj\u00e4llet. Hotell Wilhelmina ligger inte mer \u00e4n 2 timmar [&hellip;]\" \/>\n<meta property=\"og:url\" content=\"https:\/\/hotellwilhelmina.se\/en\/hotellet\/\" \/>\n<meta property=\"og:site_name\" content=\"Hotell Wilhelmina\" \/>\n<meta property=\"article:publisher\" content=\"https:\/\/www.facebook.com\/Hotell-Wilhelmina-Vilhelmina-109359075799208\/\" \/>\n<meta property=\"article:modified_time\" content=\"2018-06-26T18:36:48+00:00\" \/>\n<meta name=\"twitter:card\" content=\"summary_large_image\" \/>\n<meta name=\"twitter:label1\" content=\"Estimated reading time\" \/>\n\t<meta name=\"twitter:data1\" content=\"4 minutes\" \/>\n<script type=\"application\/ld+json\" class=\"yoast-schema-graph\">{\"@context\":\"https:\\\/\\\/schema.org\",\"@graph\":[{\"@type\":\"WebPage\",\"@id\":\"https:\\\/\\\/hotellwilhelmina.se\\\/hotellet\\\/\",\"url\":\"https:\\\/\\\/hotellwilhelmina.se\\\/hotellet\\\/\",\"name\":\"hotellwilhelmina.se\\\/\",\"isPartOf\":{\"@id\":\"https:\\\/\\\/hotellwilhelmina.se\\\/#website\"},\"datePublished\":\"2018-04-19T08:47:24+00:00\",\"dateModified\":\"2018-06-26T18:36:48+00:00\",\"breadcrumb\":{\"@id\":\"https:\\\/\\\/hotellwilhelmina.se\\\/hotellet\\\/#breadcrumb\"},\"inLanguage\":\"en-GB\",\"potentialAction\":[{\"@type\":\"ReadAction\",\"target\":[\"https:\\\/\\\/hotellwilhelmina.se\\\/hotellet\\\/\"]}]},{\"@type\":\"BreadcrumbList\",\"@id\":\"https:\\\/\\\/hotellwilhelmina.se\\\/hotellet\\\/#breadcrumb\",\"itemListElement\":[{\"@type\":\"ListItem\",\"position\":1,\"name\":\"Hem\",\"item\":\"https:\\\/\\\/hotellwilhelmina.se\\\/\"},{\"@type\":\"ListItem\",\"position\":2,\"name\":\"Hotell\"}]},{\"@type\":\"WebSite\",\"@id\":\"https:\\\/\\\/hotellwilhelmina.se\\\/#website\",\"url\":\"https:\\\/\\\/hotellwilhelmina.se\\\/\",\"name\":\"Hotell Wilhelmina\",\"description\":\"\",\"publisher\":{\"@id\":\"https:\\\/\\\/hotellwilhelmina.se\\\/#organization\"},\"potentialAction\":[{\"@type\":\"SearchAction\",\"target\":{\"@type\":\"EntryPoint\",\"urlTemplate\":\"https:\\\/\\\/hotellwilhelmina.se\\\/?s={search_term_string}\"},\"query-input\":{\"@type\":\"PropertyValueSpecification\",\"valueRequired\":true,\"valueName\":\"search_term_string\"}}],\"inLanguage\":\"en-GB\"},{\"@type\":\"Organization\",\"@id\":\"https:\\\/\\\/hotellwilhelmina.se\\\/#organization\",\"name\":\"Hotell Wilhelmina\",\"url\":\"https:\\\/\\\/hotellwilhelmina.se\\\/\",\"logo\":{\"@type\":\"ImageObject\",\"inLanguage\":\"en-GB\",\"@id\":\"https:\\\/\\\/hotellwilhelmina.se\\\/#\\\/schema\\\/logo\\\/image\\\/\",\"url\":\"https:\\\/\\\/hotellwilhelmina.se\\\/wp-content\\\/uploads\\\/2017\\\/08\\\/logotype.gif\",\"contentUrl\":\"https:\\\/\\\/hotellwilhelmina.se\\\/wp-content\\\/uploads\\\/2017\\\/08\\\/logotype.gif\",\"width\":74,\"height\":65,\"caption\":\"Hotell Wilhelmina\"},\"image\":{\"@id\":\"https:\\\/\\\/hotellwilhelmina.se\\\/#\\\/schema\\\/logo\\\/image\\\/\"},\"sameAs\":[\"https:\\\/\\\/www.facebook.com\\\/Hotell-Wilhelmina-Vilhelmina-109359075799208\\\/\",\"https:\\\/\\\/www.instagram.com\\\/hotellwilhelmina\\\/\"]}]}<\/script>\n<!-- \/ Yoast SEO plugin. -->","yoast_head_json":{"title":"hotellwilhelmina.se\/","robots":{"index":"index","follow":"follow","max-snippet":"max-snippet:-1","max-image-preview":"max-image-preview:large","max-video-preview":"max-video-preview:-1"},"canonical":"https:\/\/hotellwilhelmina.se\/en\/hotellet\/","og_locale":"en_GB","og_type":"article","og_title":"hotellwilhelmina.se\/","og_description":"Hotell Wilhelmina invigdes ny\u00e5rsafton 1964-1965 och har sedan dess st\u00e5tt f\u00f6r f\u00f6rstklassig service, god mat &amp; med en atmosf\u00e4r som andas s\u00e5v\u00e4l skog som fj\u00e4ll. Bygg\u00e5r 1964 &nbsp; Antal rum 64Konferenslokaler 5 Hotell Wilhelmina har 64 rum och en magnifik utsikt \u00f6ver Volgsj\u00f6ns glittrande vatten samt Blaikfj\u00e4llet. Hotell Wilhelmina ligger inte mer \u00e4n 2 timmar [&hellip;]","og_url":"https:\/\/hotellwilhelmina.se\/en\/hotellet\/","og_site_name":"Hotell Wilhelmina","article_publisher":"https:\/\/www.facebook.com\/Hotell-Wilhelmina-Vilhelmina-109359075799208\/","article_modified_time":"2018-06-26T18:36:48+00:00","twitter_card":"summary_large_image","twitter_misc":{"Estimated reading time":"4 minutes"},"schema":{"@context":"https:\/\/schema.org","@graph":[{"@type":"WebPage","@id":"https:\/\/hotellwilhelmina.se\/hotellet\/","url":"https:\/\/hotellwilhelmina.se\/hotellet\/","name":"hotellwilhelmina.se\/","isPartOf":{"@id":"https:\/\/hotellwilhelmina.se\/#website"},"datePublished":"2018-04-19T08:47:24+00:00","dateModified":"2018-06-26T18:36:48+00:00","breadcrumb":{"@id":"https:\/\/hotellwilhelmina.se\/hotellet\/#breadcrumb"},"inLanguage":"en-GB","potentialAction":[{"@type":"ReadAction","target":["https:\/\/hotellwilhelmina.se\/hotellet\/"]}]},{"@type":"BreadcrumbList","@id":"https:\/\/hotellwilhelmina.se\/hotellet\/#breadcrumb","itemListElement":[{"@type":"ListItem","position":1,"name":"Hem","item":"https:\/\/hotellwilhelmina.se\/"},{"@type":"ListItem","position":2,"name":"Hotell"}]},{"@type":"WebSite","@id":"https:\/\/hotellwilhelmina.se\/#website","url":"https:\/\/hotellwilhelmina.se\/","name":"Hotell Wilhelmina","description":"","publisher":{"@id":"https:\/\/hotellwilhelmina.se\/#organization"},"potentialAction":[{"@type":"SearchAction","target":{"@type":"EntryPoint","urlTemplate":"https:\/\/hotellwilhelmina.se\/?s={search_term_string}"},"query-input":{"@type":"PropertyValueSpecification","valueRequired":true,"valueName":"search_term_string"}}],"inLanguage":"en-GB"},{"@type":"Organization","@id":"https:\/\/hotellwilhelmina.se\/#organization","name":"Hotell Wilhelmina","url":"https:\/\/hotellwilhelmina.se\/","logo":{"@type":"ImageObject","inLanguage":"en-GB","@id":"https:\/\/hotellwilhelmina.se\/#\/schema\/logo\/image\/","url":"https:\/\/hotellwilhelmina.se\/wp-content\/uploads\/2017\/08\/logotype.gif","contentUrl":"https:\/\/hotellwilhelmina.se\/wp-content\/uploads\/2017\/08\/logotype.gif","width":74,"height":65,"caption":"Hotell Wilhelmina"},"image":{"@id":"https:\/\/hotellwilhelmina.se\/#\/schema\/logo\/image\/"},"sameAs":["https:\/\/www.facebook.com\/Hotell-Wilhelmina-Vilhelmina-109359075799208\/","https:\/\/www.instagram.com\/hotellwilhelmina\/"]}]}},"_links":{"self":[{"href":"https:\/\/hotellwilhelmina.se\/en\/wp-json\/wp\/v2\/pages\/1729","targetHints":{"allow":["GET"]}}],"collection":[{"href":"https:\/\/hotellwilhelmina.se\/en\/wp-json\/wp\/v2\/pages"}],"about":[{"href":"https:\/\/hotellwilhelmina.se\/en\/wp-json\/wp\/v2\/types\/page"}],"author":[{"embeddable":true,"href":"https:\/\/hotellwilhelmina.se\/en\/wp-json\/wp\/v2\/users\/3"}],"replies":[{"embeddable":true,"href":"https:\/\/hotellwilhelmina.se\/en\/wp-json\/wp\/v2\/comments?post=1729"}],"version-history":[{"count":11,"href":"https:\/\/hotellwilhelmina.se\/en\/wp-json\/wp\/v2\/pages\/1729\/revisions"}],"predecessor-version":[{"id":2070,"href":"https:\/\/hotellwilhelmina.se\/en\/wp-json\/wp\/v2\/pages\/1729\/revisions\/2070"}],"wp:attachment":[{"href":"https:\/\/hotellwilhelmina.se\/en\/wp-json\/wp\/v2\/media?parent=1729"}],"curies":[{"name":"wp","href":"https:\/\/api.w.org\/{rel}","templated":true}]}}