{"id":1704,"date":"2018-04-19T07:42:06","date_gmt":"2018-04-19T07:42:06","guid":{"rendered":"http:\/\/wptest.idenfors.se\/?page_id=1704"},"modified":"2018-06-27T13:39:30","modified_gmt":"2018-06-27T13:39:30","slug":"paket","status":"publish","type":"page","link":"https:\/\/hotellwilhelmina.se\/en\/paket\/","title":{"rendered":"Package"},"content":{"rendered":"<p>[et_pb_section fb_built=&#8221;1&#8243; fullwidth=&#8221;on&#8221; disabled_on=&#8221;off|off|off&#8221; admin_label=&#8221;Hero&#8221; _builder_version=&#8221;3.8&#8243; parallax=&#8221;on&#8221; custom_padding=&#8221;0px|0px|0|0px|false|false&#8221; transparent_background=&#8221;on&#8221;][et_pb_fullwidth_header title=&#8221;Hotell &#038; upplevelsepaket&#8221; text_orientation=&#8221;center&#8221; scroll_down_icon_color=&#8221;#ffffff&#8221; scroll_down_icon_size=&#8221;32px&#8221; button_one_url=&#8221;https:\/\/hotellwilhelmina.se\/boka\/&#8221; background_overlay_color=&#8221;rgba(0,0,0,0.42)&#8221; subhead_font_color=&#8221;#bebebe&#8221; _builder_version=&#8221;3.8&#8243; title_font=&#8221;Playfair Display||||&#8221; title_text_color=&#8221;#ffffff&#8221; title_font_size=&#8221;72px&#8221; title_font_size_phone=&#8221;46px&#8221; title_font_size_last_edited=&#8221;on|phone&#8221; title_line_height=&#8221;1.3em&#8221; title_line_height_last_edited=&#8221;off|desktop&#8221; content_font=&#8221;Montserrat||||&#8221; content_text_color=&#8221;#bfbfbf&#8221; content_font_size=&#8221;19px&#8221; content_line_height=&#8221;1.8em&#8221; subhead_font=&#8221;Montserrat||||&#8221; subhead_text_color=&#8221;#bebebe&#8221; subhead_line_height=&#8221;1.8em&#8221; background_color=&#8221;rgba(13,96,49,0)&#8221; use_background_color_gradient=&#8221;on&#8221; background_color_gradient_direction=&#8221;176deg&#8221; background_image=&#8221;https:\/\/hotellwilhelmina.se\/wp-content\/uploads\/2018\/04\/header_vinter.jpg&#8221; custom_button_one=&#8221;on&#8221; button_one_text_color=&#8221;#ffffff&#8221; button_one_font=&#8221;||||||||&#8221; custom_padding=&#8221;5%||5%|&#8221; animation_style=&#8221;zoom&#8221; animation_duration=&#8221;1500ms&#8221; animation_intensity_zoom=&#8221;4%&#8221;]<\/p>\n<p>&nbsp;<\/p>\n<p>&nbsp;<\/p>\n<p>[\/et_pb_fullwidth_header][\/et_pb_section][et_pb_section fb_built=&#8221;1&#8243; admin_label=&#8221;Our Story&#8221; _builder_version=&#8221;3.8&#8243; background_color=&#8221;#000000&#8243; background_position=&#8221;top_left&#8221; custom_padding=&#8221;36px|0px|24px|0px|false|false&#8221; collapsed=&#8221;off&#8221;][et_pb_row custom_padding=&#8221;|||&#8221; custom_margin=&#8221;|||&#8221; background_position_1=&#8221;top_left&#8221; background_position_2=&#8221;top_left&#8221; background_repeat_1=&#8221;no-repeat&#8221; background_repeat_2=&#8221;no-repeat&#8221; padding_top_2=&#8221;60px&#8221; _builder_version=&#8221;3.0.77&#8243; background_size=&#8221;initial&#8221; background_position=&#8221;top_left&#8221; background_repeat=&#8221;repeat&#8221;][et_pb_column type=&#8221;4_4&#8243; _builder_version=&#8221;3.0.47&#8243; parallax=&#8221;off&#8221; parallax_method=&#8221;on&#8221; background_position=&#8221;top_left&#8221; background_repeat=&#8221;no-repeat&#8221;][et_pb_text disabled_on=&#8221;on|on|off&#8221; _builder_version=&#8221;3.0.77&#8243; text_font=&#8221;||||&#8221; text_text_color=&#8221;#1f1f1f&#8221; header_font=&#8221;Playfair Display||||&#8221; header_text_color=&#8221;#1f1f1f&#8221; header_font_size=&#8221;48px&#8221; header_line_height=&#8221;1.3em&#8221; background_size=&#8221;initial&#8221; background_position=&#8221;top_left&#8221; background_repeat=&#8221;repeat&#8221;]<\/p>\n<h1><span color=\"#ffffff\" style=\"color: #ffffff;\">V\u00e5ra paket<\/span><\/h1>\n<p>[\/et_pb_text][et_pb_text _builder_version=&#8221;3.8&#8243; text_font=&#8221;Montserrat||||&#8221; text_text_color=&#8221;#939393&#8243; text_font_size=&#8221;17px&#8221; text_line_height=&#8221;1.8em&#8221; header_font=&#8221;||||&#8221; background_size=&#8221;initial&#8221; background_position=&#8221;top_left&#8221; background_repeat=&#8221;repeat&#8221; max_width=&#8221;700px&#8221; animation_style=&#8221;slide&#8221; animation_direction=&#8221;top&#8221; animation_intensity_slide=&#8221;4%&#8221;]<\/p>\n<h1>\u00a0<\/h1>\n<p>V\u00e5ra paket \u00e4r sammansatta f\u00f6r att ge dig en upplevelse antingen du v\u00e4ljer ett av v\u00e5ra hotellpaket med avkoppling och god mat p\u00e5 schemat eller ett fartfyllt skoterpaket \u00e4r tanken att du ska f\u00e5 ut s\u00e5 mycket som m\u00f6jligt av din vistelse hos oss. Med v\u00e5ra paket beh\u00f6ver du inte t\u00e4nka p\u00e5 bordsbokningar eller andra detaljer, vi ordnar allt \u00e5t dig!<\/p>\n<p>Ett paket p\u00e5 Hotell Wilhelmina \u00e4r en perfekt present till den som redan har allt. Ge bort en upplevelse, kontakta oss.<\/p>\n<p>[\/et_pb_text][\/et_pb_column][\/et_pb_row][\/et_pb_section][et_pb_section fb_built=&#8221;1&#8243; admin_label=&#8221;Contact Us&#8221; _builder_version=&#8221;3.8&#8243; background_color=&#8221;rgba(0,0,0,0.75)&#8221; background_image=&#8221;https:\/\/hotellwilhelmina.se\/wp-content\/uploads\/2018\/04\/header_vinter.jpg&#8221; background_blend=&#8221;color&#8221; custom_padding=&#8221;100px|0px|100px|0px&#8221; collapsed=&#8221;off&#8221;][\/et_pb_section]<\/p>\n","protected":false},"excerpt":{"rendered":"<p>&nbsp; &nbsp;V\u00e5ra paket\u00a0 V\u00e5ra paket \u00e4r sammansatta f\u00f6r att ge dig en upplevelse antingen du v\u00e4ljer ett av v\u00e5ra hotellpaket med avkoppling och god mat p\u00e5 schemat eller ett fartfyllt skoterpaket \u00e4r tanken att du ska f\u00e5 ut s\u00e5 mycket som m\u00f6jligt av din vistelse hos oss. Med v\u00e5ra paket beh\u00f6ver du inte t\u00e4nka p\u00e5 [&hellip;]<\/p>\n","protected":false},"author":3,"featured_media":0,"parent":0,"menu_order":0,"comment_status":"closed","ping_status":"closed","template":"","meta":{"_et_pb_use_builder":"on","_et_pb_old_content":"","_et_gb_content_width":"","footnotes":""},"class_list":["post-1704","page","type-page","status-publish","hentry"],"yoast_head":"<!-- This site is optimized with the Yoast SEO plugin v27.4 - https:\/\/yoast.com\/product\/yoast-seo-wordpress\/ -->\n<title>hotellwilhelmina.se\/<\/title>\n<meta name=\"robots\" content=\"index, follow, max-snippet:-1, max-image-preview:large, max-video-preview:-1\" \/>\n<link rel=\"canonical\" href=\"https:\/\/hotellwilhelmina.se\/en\/paket\/\" \/>\n<meta property=\"og:locale\" content=\"en_GB\" \/>\n<meta property=\"og:type\" content=\"article\" \/>\n<meta property=\"og:title\" content=\"hotellwilhelmina.se\/\" \/>\n<meta property=\"og:description\" content=\"&nbsp; &nbsp;V\u00e5ra paket\u00a0 V\u00e5ra paket \u00e4r sammansatta f\u00f6r att ge dig en upplevelse antingen du v\u00e4ljer ett av v\u00e5ra hotellpaket med avkoppling och god mat p\u00e5 schemat eller ett fartfyllt skoterpaket \u00e4r tanken att du ska f\u00e5 ut s\u00e5 mycket som m\u00f6jligt av din vistelse hos oss. Med v\u00e5ra paket beh\u00f6ver du inte t\u00e4nka p\u00e5 [&hellip;]\" \/>\n<meta property=\"og:url\" content=\"https:\/\/hotellwilhelmina.se\/en\/paket\/\" \/>\n<meta property=\"og:site_name\" content=\"Hotell Wilhelmina\" \/>\n<meta property=\"article:publisher\" content=\"https:\/\/www.facebook.com\/Hotell-Wilhelmina-Vilhelmina-109359075799208\/\" \/>\n<meta property=\"article:modified_time\" content=\"2018-06-27T13:39:30+00:00\" \/>\n<meta name=\"twitter:card\" content=\"summary_large_image\" \/>\n<meta name=\"twitter:label1\" content=\"Estimated reading time\" \/>\n\t<meta name=\"twitter:data1\" content=\"2 minutes\" \/>\n<script type=\"application\/ld+json\" class=\"yoast-schema-graph\">{\"@context\":\"https:\\\/\\\/schema.org\",\"@graph\":[{\"@type\":\"WebPage\",\"@id\":\"https:\\\/\\\/hotellwilhelmina.se\\\/paket\\\/\",\"url\":\"https:\\\/\\\/hotellwilhelmina.se\\\/paket\\\/\",\"name\":\"hotellwilhelmina.se\\\/\",\"isPartOf\":{\"@id\":\"https:\\\/\\\/hotellwilhelmina.se\\\/#website\"},\"datePublished\":\"2018-04-19T07:42:06+00:00\",\"dateModified\":\"2018-06-27T13:39:30+00:00\",\"breadcrumb\":{\"@id\":\"https:\\\/\\\/hotellwilhelmina.se\\\/paket\\\/#breadcrumb\"},\"inLanguage\":\"en-GB\",\"potentialAction\":[{\"@type\":\"ReadAction\",\"target\":[\"https:\\\/\\\/hotellwilhelmina.se\\\/paket\\\/\"]}]},{\"@type\":\"BreadcrumbList\",\"@id\":\"https:\\\/\\\/hotellwilhelmina.se\\\/paket\\\/#breadcrumb\",\"itemListElement\":[{\"@type\":\"ListItem\",\"position\":1,\"name\":\"Hem\",\"item\":\"https:\\\/\\\/hotellwilhelmina.se\\\/\"},{\"@type\":\"ListItem\",\"position\":2,\"name\":\"Paket\"}]},{\"@type\":\"WebSite\",\"@id\":\"https:\\\/\\\/hotellwilhelmina.se\\\/#website\",\"url\":\"https:\\\/\\\/hotellwilhelmina.se\\\/\",\"name\":\"Hotell Wilhelmina\",\"description\":\"\",\"publisher\":{\"@id\":\"https:\\\/\\\/hotellwilhelmina.se\\\/#organization\"},\"potentialAction\":[{\"@type\":\"SearchAction\",\"target\":{\"@type\":\"EntryPoint\",\"urlTemplate\":\"https:\\\/\\\/hotellwilhelmina.se\\\/?s={search_term_string}\"},\"query-input\":{\"@type\":\"PropertyValueSpecification\",\"valueRequired\":true,\"valueName\":\"search_term_string\"}}],\"inLanguage\":\"en-GB\"},{\"@type\":\"Organization\",\"@id\":\"https:\\\/\\\/hotellwilhelmina.se\\\/#organization\",\"name\":\"Hotell Wilhelmina\",\"url\":\"https:\\\/\\\/hotellwilhelmina.se\\\/\",\"logo\":{\"@type\":\"ImageObject\",\"inLanguage\":\"en-GB\",\"@id\":\"https:\\\/\\\/hotellwilhelmina.se\\\/#\\\/schema\\\/logo\\\/image\\\/\",\"url\":\"https:\\\/\\\/hotellwilhelmina.se\\\/wp-content\\\/uploads\\\/2017\\\/08\\\/logotype.gif\",\"contentUrl\":\"https:\\\/\\\/hotellwilhelmina.se\\\/wp-content\\\/uploads\\\/2017\\\/08\\\/logotype.gif\",\"width\":74,\"height\":65,\"caption\":\"Hotell Wilhelmina\"},\"image\":{\"@id\":\"https:\\\/\\\/hotellwilhelmina.se\\\/#\\\/schema\\\/logo\\\/image\\\/\"},\"sameAs\":[\"https:\\\/\\\/www.facebook.com\\\/Hotell-Wilhelmina-Vilhelmina-109359075799208\\\/\",\"https:\\\/\\\/www.instagram.com\\\/hotellwilhelmina\\\/\"]}]}<\/script>\n<!-- \/ Yoast SEO plugin. -->","yoast_head_json":{"title":"hotellwilhelmina.se\/","robots":{"index":"index","follow":"follow","max-snippet":"max-snippet:-1","max-image-preview":"max-image-preview:large","max-video-preview":"max-video-preview:-1"},"canonical":"https:\/\/hotellwilhelmina.se\/en\/paket\/","og_locale":"en_GB","og_type":"article","og_title":"hotellwilhelmina.se\/","og_description":"&nbsp; &nbsp;V\u00e5ra paket\u00a0 V\u00e5ra paket \u00e4r sammansatta f\u00f6r att ge dig en upplevelse antingen du v\u00e4ljer ett av v\u00e5ra hotellpaket med avkoppling och god mat p\u00e5 schemat eller ett fartfyllt skoterpaket \u00e4r tanken att du ska f\u00e5 ut s\u00e5 mycket som m\u00f6jligt av din vistelse hos oss. Med v\u00e5ra paket beh\u00f6ver du inte t\u00e4nka p\u00e5 [&hellip;]","og_url":"https:\/\/hotellwilhelmina.se\/en\/paket\/","og_site_name":"Hotell Wilhelmina","article_publisher":"https:\/\/www.facebook.com\/Hotell-Wilhelmina-Vilhelmina-109359075799208\/","article_modified_time":"2018-06-27T13:39:30+00:00","twitter_card":"summary_large_image","twitter_misc":{"Estimated reading time":"2 minutes"},"schema":{"@context":"https:\/\/schema.org","@graph":[{"@type":"WebPage","@id":"https:\/\/hotellwilhelmina.se\/paket\/","url":"https:\/\/hotellwilhelmina.se\/paket\/","name":"hotellwilhelmina.se\/","isPartOf":{"@id":"https:\/\/hotellwilhelmina.se\/#website"},"datePublished":"2018-04-19T07:42:06+00:00","dateModified":"2018-06-27T13:39:30+00:00","breadcrumb":{"@id":"https:\/\/hotellwilhelmina.se\/paket\/#breadcrumb"},"inLanguage":"en-GB","potentialAction":[{"@type":"ReadAction","target":["https:\/\/hotellwilhelmina.se\/paket\/"]}]},{"@type":"BreadcrumbList","@id":"https:\/\/hotellwilhelmina.se\/paket\/#breadcrumb","itemListElement":[{"@type":"ListItem","position":1,"name":"Hem","item":"https:\/\/hotellwilhelmina.se\/"},{"@type":"ListItem","position":2,"name":"Paket"}]},{"@type":"WebSite","@id":"https:\/\/hotellwilhelmina.se\/#website","url":"https:\/\/hotellwilhelmina.se\/","name":"Hotell Wilhelmina","description":"","publisher":{"@id":"https:\/\/hotellwilhelmina.se\/#organization"},"potentialAction":[{"@type":"SearchAction","target":{"@type":"EntryPoint","urlTemplate":"https:\/\/hotellwilhelmina.se\/?s={search_term_string}"},"query-input":{"@type":"PropertyValueSpecification","valueRequired":true,"valueName":"search_term_string"}}],"inLanguage":"en-GB"},{"@type":"Organization","@id":"https:\/\/hotellwilhelmina.se\/#organization","name":"Hotell Wilhelmina","url":"https:\/\/hotellwilhelmina.se\/","logo":{"@type":"ImageObject","inLanguage":"en-GB","@id":"https:\/\/hotellwilhelmina.se\/#\/schema\/logo\/image\/","url":"https:\/\/hotellwilhelmina.se\/wp-content\/uploads\/2017\/08\/logotype.gif","contentUrl":"https:\/\/hotellwilhelmina.se\/wp-content\/uploads\/2017\/08\/logotype.gif","width":74,"height":65,"caption":"Hotell Wilhelmina"},"image":{"@id":"https:\/\/hotellwilhelmina.se\/#\/schema\/logo\/image\/"},"sameAs":["https:\/\/www.facebook.com\/Hotell-Wilhelmina-Vilhelmina-109359075799208\/","https:\/\/www.instagram.com\/hotellwilhelmina\/"]}]}},"_links":{"self":[{"href":"https:\/\/hotellwilhelmina.se\/en\/wp-json\/wp\/v2\/pages\/1704","targetHints":{"allow":["GET"]}}],"collection":[{"href":"https:\/\/hotellwilhelmina.se\/en\/wp-json\/wp\/v2\/pages"}],"about":[{"href":"https:\/\/hotellwilhelmina.se\/en\/wp-json\/wp\/v2\/types\/page"}],"author":[{"embeddable":true,"href":"https:\/\/hotellwilhelmina.se\/en\/wp-json\/wp\/v2\/users\/3"}],"replies":[{"embeddable":true,"href":"https:\/\/hotellwilhelmina.se\/en\/wp-json\/wp\/v2\/comments?post=1704"}],"version-history":[{"count":5,"href":"https:\/\/hotellwilhelmina.se\/en\/wp-json\/wp\/v2\/pages\/1704\/revisions"}],"predecessor-version":[{"id":2172,"href":"https:\/\/hotellwilhelmina.se\/en\/wp-json\/wp\/v2\/pages\/1704\/revisions\/2172"}],"wp:attachment":[{"href":"https:\/\/hotellwilhelmina.se\/en\/wp-json\/wp\/v2\/media?parent=1704"}],"curies":[{"name":"wp","href":"https:\/\/api.w.org\/{rel}","templated":true}]}}