{"id":1554,"date":"2018-03-27T13:26:47","date_gmt":"2018-03-27T13:26:47","guid":{"rendered":"http:\/\/wptest.idenfors.se\/?page_id=1554"},"modified":"2018-06-27T14:43:12","modified_gmt":"2018-06-27T14:43:12","slug":"miljo","status":"publish","type":"page","link":"https:\/\/hotellwilhelmina.se\/en\/miljo\/","title":{"rendered":"Eco-Consciousness"},"content":{"rendered":"<p>[et_pb_section fb_built=&#8221;1&#8243; fullwidth=&#8221;on&#8221; disabled_on=&#8221;off|off|off&#8221; admin_label=&#8221;Hero&#8221; _builder_version=&#8221;3.8&#8243; parallax=&#8221;on&#8221; custom_padding=&#8221;0px|0px|0|0px|false|false&#8221; transparent_background=&#8221;on&#8221;][et_pb_fullwidth_header title=&#8221;Milj\u00f6&#8221; text_orientation=&#8221;center&#8221; scroll_down_icon_color=&#8221;#ffffff&#8221; scroll_down_icon_size=&#8221;32px&#8221; button_one_url=&#8221;https:\/\/hotellwilhelmina.se\/boka\/&#8221; background_overlay_color=&#8221;rgba(0,0,0,0.42)&#8221; subhead_font_color=&#8221;#bebebe&#8221; _builder_version=&#8221;3.8&#8243; title_font=&#8221;Playfair Display||||&#8221; title_text_color=&#8221;#ffffff&#8221; title_font_size=&#8221;72px&#8221; title_font_size_phone=&#8221;46px&#8221; title_font_size_last_edited=&#8221;on|phone&#8221; title_line_height=&#8221;1.3em&#8221; title_line_height_last_edited=&#8221;off|desktop&#8221; content_font=&#8221;Montserrat||||&#8221; content_text_color=&#8221;#bfbfbf&#8221; content_font_size=&#8221;19px&#8221; content_line_height=&#8221;1.8em&#8221; subhead_font=&#8221;Montserrat||||&#8221; subhead_text_color=&#8221;#bebebe&#8221; subhead_line_height=&#8221;1.8em&#8221; background_color=&#8221;rgba(13,96,49,0)&#8221; use_background_color_gradient=&#8221;on&#8221; background_color_gradient_direction=&#8221;176deg&#8221; background_image=&#8221;https:\/\/hotellwilhelmina.se\/wp-content\/uploads\/2018\/06\/restaurant-hero-07.jpg&#8221; custom_button_one=&#8221;on&#8221; button_one_text_color=&#8221;#ffffff&#8221; button_one_font=&#8221;||||||||&#8221; custom_padding=&#8221;5%||5%|&#8221; animation_style=&#8221;zoom&#8221; animation_duration=&#8221;1500ms&#8221; animation_intensity_zoom=&#8221;4%&#8221;]<\/p>\n<p>&nbsp;<\/p>\n<p>&nbsp;<\/p>\n<p>[\/et_pb_fullwidth_header][\/et_pb_section][et_pb_section fb_built=&#8221;1&#8243; admin_label=&#8221;Our Story&#8221; _builder_version=&#8221;3.8&#8243; background_color=&#8221;#000000&#8243; background_position=&#8221;top_left&#8221; custom_padding=&#8221;36px|0px|24px|0px|false|false&#8221; collapsed=&#8221;off&#8221;][et_pb_row custom_padding=&#8221;|||&#8221; custom_margin=&#8221;|||&#8221; background_position_1=&#8221;top_left&#8221; background_position_2=&#8221;top_left&#8221; background_repeat_1=&#8221;no-repeat&#8221; background_repeat_2=&#8221;no-repeat&#8221; padding_top_2=&#8221;60px&#8221; _builder_version=&#8221;3.0.77&#8243; background_size=&#8221;initial&#8221; background_position=&#8221;top_left&#8221; background_repeat=&#8221;repeat&#8221;][et_pb_column type=&#8221;4_4&#8243; _builder_version=&#8221;3.0.47&#8243; parallax=&#8221;off&#8221; parallax_method=&#8221;on&#8221; background_position=&#8221;top_left&#8221; background_repeat=&#8221;no-repeat&#8221;][et_pb_text disabled_on=&#8221;on|on|off&#8221; _builder_version=&#8221;3.0.77&#8243; text_font=&#8221;||||&#8221; text_text_color=&#8221;#1f1f1f&#8221; header_font=&#8221;Playfair Display||||&#8221; header_text_color=&#8221;#1f1f1f&#8221; header_font_size=&#8221;48px&#8221; header_line_height=&#8221;1.3em&#8221; background_size=&#8221;initial&#8221; background_position=&#8221;top_left&#8221; background_repeat=&#8221;repeat&#8221;]<\/p>\n<h1><span color=\"#ffffff\" style=\"color: #ffffff;\">S\u00e5 h\u00e4r arbetar vi med milj\u00f6fr\u00e5gor<\/span><\/h1>\n<p>[\/et_pb_text][et_pb_text _builder_version=&#8221;3.8&#8243; text_font=&#8221;Montserrat||||&#8221; text_text_color=&#8221;#939393&#8243; text_font_size=&#8221;17px&#8221; text_line_height=&#8221;1.8em&#8221; header_font=&#8221;||||&#8221; background_size=&#8221;initial&#8221; background_position=&#8221;top_left&#8221; background_repeat=&#8221;repeat&#8221; max_width=&#8221;700px&#8221; animation_style=&#8221;slide&#8221; animation_direction=&#8221;top&#8221; animation_intensity_slide=&#8221;4%&#8221;]<\/p>\n<p>Vi \u00e4r ett samh\u00e4llsmedvetet f\u00f6retag!<br \/>D\u00e4rf\u00f6r anser vi att det \u00e4r viktigt att ha en uttalad och formulerad milj\u00f6policy som st\u00f6d f\u00f6r b\u00e5de ledning och personal men ocks\u00e5 som en garanti till dig som g\u00e4st. S\u00e5 h\u00e4r ser v\u00e5r milj\u00f6policy ut:<\/p>\n<p>\u201dHotell Wilhelmina ska ta t\u00e4ten i v\u00e5r bransch och bli ledande i V\u00e4sterbotten p\u00e5 omr\u00e5det milj\u00f6arbete!\u201d<br \/>Vi arbetar aktivt och konsekvent med att minska milj\u00f6belastningen och skapa ett<br \/>ekologiskt h\u00e5llbart samh\u00e4lle.<\/p>\n<p>Vi arbetar aktivt och konsekvent med att minska milj\u00f6belastningen och skapa ett ekologiskt h\u00e5llbart samh\u00e4lle. Milj\u00f6arbetet \u00e4r genomt\u00e4nkt, l\u00e5ngsiktigt och omfattar hela verksamheten. Arbetet f\u00f6ljs noga upp och dokumenteras. I och med att vi i v\u00e5r dagliga verksamhet har ett \u201dmilj\u00f6t\u00e4nk\u201d med i alla v\u00e5ra beslut kan vi minska energif\u00f6rbrukning, m\u00e4ngden sopor och utsl\u00e4pp samt styra mot ett h\u00e5llbart samh\u00e4lle.<\/p>\n<p>Vi forts\u00e4tter att bidra till ett h\u00e5llbart samh\u00e4lle, b\u00e5de lokalt och globalt, n\u00e4r du bor hos oss bidrar ocks\u00e5 du till ett mer ekologiskt h\u00e5llbart samh\u00e4lle.<\/p>\n<p>Mer om v\u00e5rt milj\u00f6arbete!<br \/>Allt arbete inom f\u00f6retaget ska vara h\u00e4lsofr\u00e4mjande och bidra till en h\u00e5llbar utveckling, d\u00e4r hush\u00e5llning med resurser och kretsloppsanpassning \u00e4r v\u00e4gledande.<\/p>\n<p>Vi hush\u00e5ller med alla resurser inklusive energi.<br \/>Vi arbetar aktivt f\u00f6r att minska negativ milj\u00f6p\u00e5verkan fr\u00e5n produkter som anv\u00e4nds i verksamheten. Vi prioriterar produkter med milj\u00f6m\u00e4rkning.<br \/>Vi v\u00e4rderar, inf\u00f6r beslut p\u00e5 alla niv\u00e5er, konsekvenserna f\u00f6r h\u00e4lsa och milj\u00f6, t ex vid planering, budgetarbete och upphandlingar.<br \/>I enlighet med v\u00e5rt milj\u00f6t\u00e4nkande g\u00f6r vi ocks\u00e5 f\u00f6ljande:<\/p>\n<p>Vi erbjuder from 2008 digitala konferensrum som ett alternativ till fysiska som ofta kr\u00e4ver att g\u00e4sterna reser l\u00e5ngt.<br \/>Ers\u00e4tter alla lampor som g\u00e5r s\u00f6nder med l\u00e5genergilampor.<br \/>Anv\u00e4nder fj\u00e4rrv\u00e4rme.<br \/>Vi har ersatt alla reng\u00f6ringsmedel med milj\u00f6v\u00e4nliga alternativ, fr\u00e4mst s\u00e5pa.<br \/>S\u00e4nkt inomhustemperaturen med tv\u00e5 grader.<br \/>T\u00e4tat alla l\u00e4ckande kranar.<br \/>Justerat termostater p\u00e5 alla rum.<br \/>Bytt ut gamla kylsk\u00e5p.<br \/>Vi k\u00f6per i st\u00f6rsta m\u00f6jliga m\u00e5n lokalproducerat.<br \/>Vi sopsorterar.<br \/>Vi bakar eget br\u00f6d.<br \/>Vi k\u00f6per om m\u00f6jligt produkter i returf\u00f6rpackningar, t ex potatishinkar, \u00f6l &amp; l\u00e4sk p\u00e5 fat och glasflaskor.<br \/>Vi anlitar lokala entrepren\u00f6rer.<br \/>Vi har ett milj\u00f6anpassat refill-system f\u00f6r tv\u00e5l.<\/p>\n<p>[\/et_pb_text][\/et_pb_column][\/et_pb_row][\/et_pb_section][et_pb_section fb_built=&#8221;1&#8243; admin_label=&#8221;Contact Us&#8221; _builder_version=&#8221;3.8&#8243; background_color=&#8221;rgba(0,0,0,0.75)&#8221; background_image=&#8221;https:\/\/hotellwilhelmina.se\/wp-content\/uploads\/2018\/06\/restaurant-hero-07.jpg&#8221; background_blend=&#8221;color&#8221; custom_padding=&#8221;100px|0px|100px|0px&#8221; collapsed=&#8221;off&#8221;][\/et_pb_section]<\/p>\n","protected":false},"excerpt":{"rendered":"<p>&nbsp; &nbsp;S\u00e5 h\u00e4r arbetar vi med milj\u00f6fr\u00e5gorVi \u00e4r ett samh\u00e4llsmedvetet f\u00f6retag!D\u00e4rf\u00f6r anser vi att det \u00e4r viktigt att ha en uttalad och formulerad milj\u00f6policy som st\u00f6d f\u00f6r b\u00e5de ledning och personal men ocks\u00e5 som en garanti till dig som g\u00e4st. S\u00e5 h\u00e4r ser v\u00e5r milj\u00f6policy ut: \u201dHotell Wilhelmina ska ta t\u00e4ten i v\u00e5r bransch och [&hellip;]<\/p>\n","protected":false},"author":1,"featured_media":0,"parent":0,"menu_order":0,"comment_status":"closed","ping_status":"closed","template":"","meta":{"_et_pb_use_builder":"on","_et_pb_old_content":"","_et_gb_content_width":"","footnotes":""},"class_list":["post-1554","page","type-page","status-publish","hentry"],"yoast_head":"<!-- This site is optimized with the Yoast SEO plugin v27.4 - https:\/\/yoast.com\/product\/yoast-seo-wordpress\/ -->\n<title>hotellwilhelmina.se\/<\/title>\n<meta name=\"robots\" content=\"index, follow, max-snippet:-1, max-image-preview:large, max-video-preview:-1\" \/>\n<link rel=\"canonical\" href=\"https:\/\/hotellwilhelmina.se\/en\/miljo\/\" \/>\n<meta property=\"og:locale\" content=\"en_GB\" \/>\n<meta property=\"og:type\" content=\"article\" \/>\n<meta property=\"og:title\" content=\"hotellwilhelmina.se\/\" \/>\n<meta property=\"og:description\" content=\"&nbsp; &nbsp;S\u00e5 h\u00e4r arbetar vi med milj\u00f6fr\u00e5gorVi \u00e4r ett samh\u00e4llsmedvetet f\u00f6retag!D\u00e4rf\u00f6r anser vi att det \u00e4r viktigt att ha en uttalad och formulerad milj\u00f6policy som st\u00f6d f\u00f6r b\u00e5de ledning och personal men ocks\u00e5 som en garanti till dig som g\u00e4st. S\u00e5 h\u00e4r ser v\u00e5r milj\u00f6policy ut: \u201dHotell Wilhelmina ska ta t\u00e4ten i v\u00e5r bransch och [&hellip;]\" \/>\n<meta property=\"og:url\" content=\"https:\/\/hotellwilhelmina.se\/en\/miljo\/\" \/>\n<meta property=\"og:site_name\" content=\"Hotell Wilhelmina\" \/>\n<meta property=\"article:publisher\" content=\"https:\/\/www.facebook.com\/Hotell-Wilhelmina-Vilhelmina-109359075799208\/\" \/>\n<meta property=\"article:modified_time\" content=\"2018-06-27T14:43:12+00:00\" \/>\n<meta name=\"twitter:card\" content=\"summary_large_image\" \/>\n<meta name=\"twitter:label1\" content=\"Estimated reading time\" \/>\n\t<meta name=\"twitter:data1\" content=\"4 minutes\" \/>\n<script type=\"application\/ld+json\" class=\"yoast-schema-graph\">{\"@context\":\"https:\\\/\\\/schema.org\",\"@graph\":[{\"@type\":\"WebPage\",\"@id\":\"https:\\\/\\\/hotellwilhelmina.se\\\/miljo\\\/\",\"url\":\"https:\\\/\\\/hotellwilhelmina.se\\\/miljo\\\/\",\"name\":\"hotellwilhelmina.se\\\/\",\"isPartOf\":{\"@id\":\"https:\\\/\\\/hotellwilhelmina.se\\\/#website\"},\"datePublished\":\"2018-03-27T13:26:47+00:00\",\"dateModified\":\"2018-06-27T14:43:12+00:00\",\"breadcrumb\":{\"@id\":\"https:\\\/\\\/hotellwilhelmina.se\\\/miljo\\\/#breadcrumb\"},\"inLanguage\":\"en-GB\",\"potentialAction\":[{\"@type\":\"ReadAction\",\"target\":[\"https:\\\/\\\/hotellwilhelmina.se\\\/miljo\\\/\"]}]},{\"@type\":\"BreadcrumbList\",\"@id\":\"https:\\\/\\\/hotellwilhelmina.se\\\/miljo\\\/#breadcrumb\",\"itemListElement\":[{\"@type\":\"ListItem\",\"position\":1,\"name\":\"Hem\",\"item\":\"https:\\\/\\\/hotellwilhelmina.se\\\/\"},{\"@type\":\"ListItem\",\"position\":2,\"name\":\"Milj\u00f6\"}]},{\"@type\":\"WebSite\",\"@id\":\"https:\\\/\\\/hotellwilhelmina.se\\\/#website\",\"url\":\"https:\\\/\\\/hotellwilhelmina.se\\\/\",\"name\":\"Hotell Wilhelmina\",\"description\":\"\",\"publisher\":{\"@id\":\"https:\\\/\\\/hotellwilhelmina.se\\\/#organization\"},\"potentialAction\":[{\"@type\":\"SearchAction\",\"target\":{\"@type\":\"EntryPoint\",\"urlTemplate\":\"https:\\\/\\\/hotellwilhelmina.se\\\/?s={search_term_string}\"},\"query-input\":{\"@type\":\"PropertyValueSpecification\",\"valueRequired\":true,\"valueName\":\"search_term_string\"}}],\"inLanguage\":\"en-GB\"},{\"@type\":\"Organization\",\"@id\":\"https:\\\/\\\/hotellwilhelmina.se\\\/#organization\",\"name\":\"Hotell Wilhelmina\",\"url\":\"https:\\\/\\\/hotellwilhelmina.se\\\/\",\"logo\":{\"@type\":\"ImageObject\",\"inLanguage\":\"en-GB\",\"@id\":\"https:\\\/\\\/hotellwilhelmina.se\\\/#\\\/schema\\\/logo\\\/image\\\/\",\"url\":\"https:\\\/\\\/hotellwilhelmina.se\\\/wp-content\\\/uploads\\\/2017\\\/08\\\/logotype.gif\",\"contentUrl\":\"https:\\\/\\\/hotellwilhelmina.se\\\/wp-content\\\/uploads\\\/2017\\\/08\\\/logotype.gif\",\"width\":74,\"height\":65,\"caption\":\"Hotell Wilhelmina\"},\"image\":{\"@id\":\"https:\\\/\\\/hotellwilhelmina.se\\\/#\\\/schema\\\/logo\\\/image\\\/\"},\"sameAs\":[\"https:\\\/\\\/www.facebook.com\\\/Hotell-Wilhelmina-Vilhelmina-109359075799208\\\/\",\"https:\\\/\\\/www.instagram.com\\\/hotellwilhelmina\\\/\"]}]}<\/script>\n<!-- \/ Yoast SEO plugin. -->","yoast_head_json":{"title":"hotellwilhelmina.se\/","robots":{"index":"index","follow":"follow","max-snippet":"max-snippet:-1","max-image-preview":"max-image-preview:large","max-video-preview":"max-video-preview:-1"},"canonical":"https:\/\/hotellwilhelmina.se\/en\/miljo\/","og_locale":"en_GB","og_type":"article","og_title":"hotellwilhelmina.se\/","og_description":"&nbsp; &nbsp;S\u00e5 h\u00e4r arbetar vi med milj\u00f6fr\u00e5gorVi \u00e4r ett samh\u00e4llsmedvetet f\u00f6retag!D\u00e4rf\u00f6r anser vi att det \u00e4r viktigt att ha en uttalad och formulerad milj\u00f6policy som st\u00f6d f\u00f6r b\u00e5de ledning och personal men ocks\u00e5 som en garanti till dig som g\u00e4st. S\u00e5 h\u00e4r ser v\u00e5r milj\u00f6policy ut: \u201dHotell Wilhelmina ska ta t\u00e4ten i v\u00e5r bransch och [&hellip;]","og_url":"https:\/\/hotellwilhelmina.se\/en\/miljo\/","og_site_name":"Hotell Wilhelmina","article_publisher":"https:\/\/www.facebook.com\/Hotell-Wilhelmina-Vilhelmina-109359075799208\/","article_modified_time":"2018-06-27T14:43:12+00:00","twitter_card":"summary_large_image","twitter_misc":{"Estimated reading time":"4 minutes"},"schema":{"@context":"https:\/\/schema.org","@graph":[{"@type":"WebPage","@id":"https:\/\/hotellwilhelmina.se\/miljo\/","url":"https:\/\/hotellwilhelmina.se\/miljo\/","name":"hotellwilhelmina.se\/","isPartOf":{"@id":"https:\/\/hotellwilhelmina.se\/#website"},"datePublished":"2018-03-27T13:26:47+00:00","dateModified":"2018-06-27T14:43:12+00:00","breadcrumb":{"@id":"https:\/\/hotellwilhelmina.se\/miljo\/#breadcrumb"},"inLanguage":"en-GB","potentialAction":[{"@type":"ReadAction","target":["https:\/\/hotellwilhelmina.se\/miljo\/"]}]},{"@type":"BreadcrumbList","@id":"https:\/\/hotellwilhelmina.se\/miljo\/#breadcrumb","itemListElement":[{"@type":"ListItem","position":1,"name":"Hem","item":"https:\/\/hotellwilhelmina.se\/"},{"@type":"ListItem","position":2,"name":"Milj\u00f6"}]},{"@type":"WebSite","@id":"https:\/\/hotellwilhelmina.se\/#website","url":"https:\/\/hotellwilhelmina.se\/","name":"Hotell Wilhelmina","description":"","publisher":{"@id":"https:\/\/hotellwilhelmina.se\/#organization"},"potentialAction":[{"@type":"SearchAction","target":{"@type":"EntryPoint","urlTemplate":"https:\/\/hotellwilhelmina.se\/?s={search_term_string}"},"query-input":{"@type":"PropertyValueSpecification","valueRequired":true,"valueName":"search_term_string"}}],"inLanguage":"en-GB"},{"@type":"Organization","@id":"https:\/\/hotellwilhelmina.se\/#organization","name":"Hotell Wilhelmina","url":"https:\/\/hotellwilhelmina.se\/","logo":{"@type":"ImageObject","inLanguage":"en-GB","@id":"https:\/\/hotellwilhelmina.se\/#\/schema\/logo\/image\/","url":"https:\/\/hotellwilhelmina.se\/wp-content\/uploads\/2017\/08\/logotype.gif","contentUrl":"https:\/\/hotellwilhelmina.se\/wp-content\/uploads\/2017\/08\/logotype.gif","width":74,"height":65,"caption":"Hotell Wilhelmina"},"image":{"@id":"https:\/\/hotellwilhelmina.se\/#\/schema\/logo\/image\/"},"sameAs":["https:\/\/www.facebook.com\/Hotell-Wilhelmina-Vilhelmina-109359075799208\/","https:\/\/www.instagram.com\/hotellwilhelmina\/"]}]}},"_links":{"self":[{"href":"https:\/\/hotellwilhelmina.se\/en\/wp-json\/wp\/v2\/pages\/1554","targetHints":{"allow":["GET"]}}],"collection":[{"href":"https:\/\/hotellwilhelmina.se\/en\/wp-json\/wp\/v2\/pages"}],"about":[{"href":"https:\/\/hotellwilhelmina.se\/en\/wp-json\/wp\/v2\/types\/page"}],"author":[{"embeddable":true,"href":"https:\/\/hotellwilhelmina.se\/en\/wp-json\/wp\/v2\/users\/1"}],"replies":[{"embeddable":true,"href":"https:\/\/hotellwilhelmina.se\/en\/wp-json\/wp\/v2\/comments?post=1554"}],"version-history":[{"count":4,"href":"https:\/\/hotellwilhelmina.se\/en\/wp-json\/wp\/v2\/pages\/1554\/revisions"}],"predecessor-version":[{"id":2223,"href":"https:\/\/hotellwilhelmina.se\/en\/wp-json\/wp\/v2\/pages\/1554\/revisions\/2223"}],"wp:attachment":[{"href":"https:\/\/hotellwilhelmina.se\/en\/wp-json\/wp\/v2\/media?parent=1554"}],"curies":[{"name":"wp","href":"https:\/\/api.w.org\/{rel}","templated":true}]}}