{"id":1388,"date":"2018-03-19T14:47:10","date_gmt":"2018-03-19T14:47:10","guid":{"rendered":"http:\/\/wptest.idenfors.se\/?page_id=1388"},"modified":"2025-06-24T14:00:52","modified_gmt":"2025-06-24T13:00:52","slug":"konferenspaket","status":"publish","type":"page","link":"https:\/\/hotellwilhelmina.se\/en\/konferenspaket\/","title":{"rendered":"Conference package"},"content":{"rendered":"<p>[et_pb_section fb_built=&#8221;1&#8243; fullwidth=&#8221;on&#8221; disabled_on=&#8221;off|off|off&#8221; admin_label=&#8221;Hero&#8221; _builder_version=&#8221;4.16&#8243; parallax=&#8221;on&#8221; custom_padding=&#8221;0px|0px|0|0px|false|false&#8221; transparent_background=&#8221;on&#8221; global_colors_info=&#8221;{}&#8221;][et_pb_fullwidth_header title=&#8221;Konferenspaket&#8221; text_orientation=&#8221;center&#8221; button_one_url=&#8221;https:\/\/hotellwilhelmina.se\/boka\/&#8221; background_overlay_color=&#8221;rgba(0,0,0,0.42)&#8221; subhead_font_color=&#8221;#bebebe&#8221; _builder_version=&#8221;4.16&#8243; title_font=&#8221;Playfair Display||||&#8221; title_text_color=&#8221;#ffffff&#8221; title_font_size=&#8221;72px&#8221; title_line_height=&#8221;1.3em&#8221; content_font=&#8221;Montserrat||||&#8221; content_text_color=&#8221;#bfbfbf&#8221; content_font_size=&#8221;19px&#8221; content_line_height=&#8221;1.8em&#8221; subhead_font=&#8221;Montserrat||||&#8221; subhead_text_color=&#8221;#bebebe&#8221; subhead_line_height=&#8221;1.8em&#8221; background_color=&#8221;rgba(13,96,49,0)&#8221; use_background_color_gradient=&#8221;on&#8221; background_color_gradient_direction=&#8221;176deg&#8221; background_image=&#8221;https:\/\/hotellwilhelmina.se\/wp-content\/uploads\/2018\/06\/Konf1_2011-1.jpg&#8221; custom_button_one=&#8221;on&#8221; button_one_text_color=&#8221;#ffffff&#8221; button_one_font=&#8221;||||||||&#8221; custom_padding=&#8221;5%||5%|&#8221; animation_style=&#8221;zoom&#8221; animation_duration=&#8221;1500ms&#8221; animation_intensity_zoom=&#8221;4%&#8221; title_font_size_tablet=&#8221;&#8221; title_font_size_phone=&#8221;46px&#8221; title_font_size_last_edited=&#8221;on|phone&#8221; title_line_height_last_edited=&#8221;off|desktop&#8221; global_colors_info=&#8221;{}&#8221; button_one_text_size__hover_enabled=&#8221;off&#8221; button_two_text_size__hover_enabled=&#8221;off&#8221; button_one_text_color__hover_enabled=&#8221;off&#8221; button_two_text_color__hover_enabled=&#8221;off&#8221; button_one_border_width__hover_enabled=&#8221;off&#8221; button_two_border_width__hover_enabled=&#8221;off&#8221; button_one_border_color__hover_enabled=&#8221;off&#8221; button_two_border_color__hover_enabled=&#8221;off&#8221; button_one_border_radius__hover_enabled=&#8221;off&#8221; button_two_border_radius__hover_enabled=&#8221;off&#8221; button_one_letter_spacing__hover_enabled=&#8221;off&#8221; button_two_letter_spacing__hover_enabled=&#8221;off&#8221; button_one_bg_color__hover_enabled=&#8221;off&#8221; button_two_bg_color__hover_enabled=&#8221;off&#8221;]<\/p>\n<p>&nbsp;<\/p>\n<p>&nbsp;<\/p>\n<p>[\/et_pb_fullwidth_header][\/et_pb_section][et_pb_section fb_built=&#8221;1&#8243; _builder_version=&#8221;4.18.0&#8243; _module_preset=&#8221;default&#8221; background_color=&#8221;#0A0A0A&#8221; global_colors_info=&#8221;{}&#8221;][et_pb_row column_structure=&#8221;1_3,1_3,1_3&#8243; _builder_version=&#8221;4.18.0&#8243; _module_preset=&#8221;default&#8221; width=&#8221;100%&#8221; max_width=&#8221;1648px&#8221; global_colors_info=&#8221;{}&#8221;][et_pb_column type=&#8221;1_3&#8243; _builder_version=&#8221;4.18.0&#8243; _module_preset=&#8221;default&#8221; global_colors_info=&#8221;{}&#8221;][et_pb_text _builder_version=&#8221;4.18.0&#8243; _module_preset=&#8221;default&#8221; global_colors_info=&#8221;{}&#8221;]<\/p>\n<h1><span style=\"font-size: large;\">Dagskonferens<\/span><\/h1>\n<h1><span style=\"font-size: large;\">&#8211; F\u00f6rmiddagsfika<\/span><\/h1>\n<h1><span style=\"font-size: large;\">&#8211; Lunchbuff\u00e9<\/span><\/h1>\n<h1><span style=\"font-size: large;\">&#8211; Konferenslokal<\/span><\/h1>\n<h1><span style=\"font-size: large;\">284:- exkl. moms.<\/span><\/h1>\n<h1><span style=\"font-size: large;\">\u00a0<\/span><\/h1>\n<h1><span style=\"font-size: large;\">V\u00e4lj konferenspaket med h\u00e4lsofika!<\/span><\/h1>\n<h1><span style=\"font-size: medium;\"><em>Smoothie, frukt &amp; nyttig sm\u00f6rg\u00e5s.<\/em><\/span><\/h1>\n<h1><span style=\"font-size: large;\">364:- exkl. moms.<\/span><\/h1>\n<p>[\/et_pb_text][\/et_pb_column][et_pb_column type=&#8221;1_3&#8243; _builder_version=&#8221;4.18.0&#8243; _module_preset=&#8221;default&#8221; global_colors_info=&#8221;{}&#8221;][et_pb_text _builder_version=&#8221;4.18.0&#8243; _module_preset=&#8221;default&#8221; hover_enabled=&#8221;0&#8243; global_colors_info=&#8221;{}&#8221; sticky_enabled=&#8221;0&#8243;]<\/p>\n<h1><span style=\"font-size: large;\">Lunch till lunch<\/span><\/h1>\n<h1><span style=\"font-size: large;\">&#8211; Lunchbuff\u00e9<\/span><\/h1>\n<h1><span style=\"font-size: large;\">&#8211; Lokalhyra<\/span><\/h1>\n<h1><span style=\"font-size: large;\">&#8211; Eftermiddagsfika med kaka<\/span><\/h1>\n<h1><span style=\"font-size: large;\">&#8211; Tillg\u00e5ng till v\u00e5r spa- &amp; relaxavdelning<\/span><\/h1>\n<h1><span style=\"font-size: large;\">&#8211; Boende i dubbelrum<\/span><\/h1>\n<h1><span style=\"font-size: large;\">&#8211; 2-r\u00e4ttersmiddag<\/span><br \/><span style=\"font-size: large;\">Uppgradera till en 3-r\u00e4ttersmiddag. Fr\u00e5ga vid bokning.<\/span><\/h1>\n<h1><span style=\"font-size: large;\">&#8211; Frukostbuff\u00e9<\/span><\/h1>\n<h1><span style=\"font-size: large;\">&#8211; Lokalhyra<\/span><\/h1>\n<h1><span style=\"font-size: large;\">&#8211; F\u00f6rmiddagsfika med sm\u00f6rg\u00e5s<\/span><\/h1>\n<h1><span style=\"font-size: large;\">&#8211; Lunchbuff\u00e9<\/span><\/h1>\n<h1><span style=\"font-size: large;\">1205:- exkl. moms.<\/span><br \/><span style=\"font-size: large;\">Enkelrumstill\u00e4gg 371:- exkl. moms.<\/span><\/h1>\n<h1><span style=\"font-size: large;\">V\u00e4lj konferenspaket med h\u00e4lsofika!<\/span><br \/><span style=\"font-size: medium;\"><em>Smoothie, frukt &amp; nyttig sm\u00f6rg\u00e5s.<\/em><\/span><br \/><span style=\"font-size: large;\">1365:- exkl. moms.<\/span><\/h1>\n<h1><span style=\"font-size: large;\">\u00a0<\/span><\/h1>\n<p>[\/et_pb_text][\/et_pb_column][et_pb_column type=&#8221;1_3&#8243; _builder_version=&#8221;4.18.0&#8243; _module_preset=&#8221;default&#8221; global_colors_info=&#8221;{}&#8221;][et_pb_image src=&#8221;https:\/\/hotellwilhelmina.se\/wp-content\/uploads\/2019\/03\/IMG_4389.jpg&#8221; title_text=&#8221;IMG_4389&#8243; _builder_version=&#8221;4.18.0&#8243; _module_preset=&#8221;default&#8221; global_colors_info=&#8221;{}&#8221;][\/et_pb_image][\/et_pb_column][\/et_pb_row][\/et_pb_section]<\/p>\n","protected":false},"excerpt":{"rendered":"<p>&nbsp; &nbsp;Dagskonferens &#8211; F\u00f6rmiddagsfika &#8211; Lunchbuff\u00e9 &#8211; Konferenslokal 284:- exkl. moms. \u00a0 V\u00e4lj konferenspaket med h\u00e4lsofika! Smoothie, frukt &amp; nyttig sm\u00f6rg\u00e5s. 364:- exkl. moms.Lunch till lunch &#8211; Lunchbuff\u00e9 &#8211; Lokalhyra &#8211; Eftermiddagsfika med kaka &#8211; Tillg\u00e5ng till v\u00e5r spa- &amp; relaxavdelning &#8211; Boende i dubbelrum &#8211; 2-r\u00e4ttersmiddagUppgradera till en 3-r\u00e4ttersmiddag. Fr\u00e5ga vid bokning. &#8211; Frukostbuff\u00e9 [&hellip;]<\/p>\n","protected":false},"author":1,"featured_media":0,"parent":0,"menu_order":0,"comment_status":"closed","ping_status":"closed","template":"","meta":{"_et_pb_use_builder":"on","_et_pb_old_content":"","_et_gb_content_width":"","footnotes":""},"class_list":["post-1388","page","type-page","status-publish","hentry"],"yoast_head":"<!-- This site is optimized with the Yoast SEO plugin v27.4 - https:\/\/yoast.com\/product\/yoast-seo-wordpress\/ -->\n<title>hotellwilhelmina.se\/<\/title>\n<meta name=\"robots\" content=\"index, follow, max-snippet:-1, max-image-preview:large, max-video-preview:-1\" \/>\n<link rel=\"canonical\" href=\"https:\/\/hotellwilhelmina.se\/en\/konferenspaket\/\" \/>\n<meta property=\"og:locale\" content=\"en_GB\" \/>\n<meta property=\"og:type\" content=\"article\" \/>\n<meta property=\"og:title\" content=\"hotellwilhelmina.se\/\" \/>\n<meta property=\"og:description\" content=\"&nbsp; &nbsp;Dagskonferens - F\u00f6rmiddagsfika - Lunchbuff\u00e9 - Konferenslokal 284:- exkl. moms. \u00a0 V\u00e4lj konferenspaket med h\u00e4lsofika! Smoothie, frukt &amp; nyttig sm\u00f6rg\u00e5s. 364:- exkl. moms.Lunch till lunch - Lunchbuff\u00e9 - Lokalhyra - Eftermiddagsfika med kaka - Tillg\u00e5ng till v\u00e5r spa- &amp; relaxavdelning - Boende i dubbelrum - 2-r\u00e4ttersmiddagUppgradera till en 3-r\u00e4ttersmiddag. Fr\u00e5ga vid bokning. - Frukostbuff\u00e9 [&hellip;]\" \/>\n<meta property=\"og:url\" content=\"https:\/\/hotellwilhelmina.se\/en\/konferenspaket\/\" \/>\n<meta property=\"og:site_name\" content=\"Hotell Wilhelmina\" \/>\n<meta property=\"article:publisher\" content=\"https:\/\/www.facebook.com\/Hotell-Wilhelmina-Vilhelmina-109359075799208\/\" \/>\n<meta property=\"article:modified_time\" content=\"2025-06-24T13:00:52+00:00\" \/>\n<meta name=\"twitter:card\" content=\"summary_large_image\" \/>\n<meta name=\"twitter:label1\" content=\"Estimated reading time\" \/>\n\t<meta name=\"twitter:data1\" content=\"3 minutes\" \/>\n<script type=\"application\/ld+json\" class=\"yoast-schema-graph\">{\"@context\":\"https:\\\/\\\/schema.org\",\"@graph\":[{\"@type\":\"WebPage\",\"@id\":\"https:\\\/\\\/hotellwilhelmina.se\\\/konferenspaket\\\/\",\"url\":\"https:\\\/\\\/hotellwilhelmina.se\\\/konferenspaket\\\/\",\"name\":\"hotellwilhelmina.se\\\/\",\"isPartOf\":{\"@id\":\"https:\\\/\\\/hotellwilhelmina.se\\\/#website\"},\"datePublished\":\"2018-03-19T14:47:10+00:00\",\"dateModified\":\"2025-06-24T13:00:52+00:00\",\"breadcrumb\":{\"@id\":\"https:\\\/\\\/hotellwilhelmina.se\\\/konferenspaket\\\/#breadcrumb\"},\"inLanguage\":\"en-GB\",\"potentialAction\":[{\"@type\":\"ReadAction\",\"target\":[\"https:\\\/\\\/hotellwilhelmina.se\\\/konferenspaket\\\/\"]}]},{\"@type\":\"BreadcrumbList\",\"@id\":\"https:\\\/\\\/hotellwilhelmina.se\\\/konferenspaket\\\/#breadcrumb\",\"itemListElement\":[{\"@type\":\"ListItem\",\"position\":1,\"name\":\"Hem\",\"item\":\"https:\\\/\\\/hotellwilhelmina.se\\\/\"},{\"@type\":\"ListItem\",\"position\":2,\"name\":\"Konferenspaket\"}]},{\"@type\":\"WebSite\",\"@id\":\"https:\\\/\\\/hotellwilhelmina.se\\\/#website\",\"url\":\"https:\\\/\\\/hotellwilhelmina.se\\\/\",\"name\":\"Hotell Wilhelmina\",\"description\":\"\",\"publisher\":{\"@id\":\"https:\\\/\\\/hotellwilhelmina.se\\\/#organization\"},\"potentialAction\":[{\"@type\":\"SearchAction\",\"target\":{\"@type\":\"EntryPoint\",\"urlTemplate\":\"https:\\\/\\\/hotellwilhelmina.se\\\/?s={search_term_string}\"},\"query-input\":{\"@type\":\"PropertyValueSpecification\",\"valueRequired\":true,\"valueName\":\"search_term_string\"}}],\"inLanguage\":\"en-GB\"},{\"@type\":\"Organization\",\"@id\":\"https:\\\/\\\/hotellwilhelmina.se\\\/#organization\",\"name\":\"Hotell Wilhelmina\",\"url\":\"https:\\\/\\\/hotellwilhelmina.se\\\/\",\"logo\":{\"@type\":\"ImageObject\",\"inLanguage\":\"en-GB\",\"@id\":\"https:\\\/\\\/hotellwilhelmina.se\\\/#\\\/schema\\\/logo\\\/image\\\/\",\"url\":\"https:\\\/\\\/hotellwilhelmina.se\\\/wp-content\\\/uploads\\\/2017\\\/08\\\/logotype.gif\",\"contentUrl\":\"https:\\\/\\\/hotellwilhelmina.se\\\/wp-content\\\/uploads\\\/2017\\\/08\\\/logotype.gif\",\"width\":74,\"height\":65,\"caption\":\"Hotell Wilhelmina\"},\"image\":{\"@id\":\"https:\\\/\\\/hotellwilhelmina.se\\\/#\\\/schema\\\/logo\\\/image\\\/\"},\"sameAs\":[\"https:\\\/\\\/www.facebook.com\\\/Hotell-Wilhelmina-Vilhelmina-109359075799208\\\/\",\"https:\\\/\\\/www.instagram.com\\\/hotellwilhelmina\\\/\"]}]}<\/script>\n<!-- \/ Yoast SEO plugin. -->","yoast_head_json":{"title":"hotellwilhelmina.se\/","robots":{"index":"index","follow":"follow","max-snippet":"max-snippet:-1","max-image-preview":"max-image-preview:large","max-video-preview":"max-video-preview:-1"},"canonical":"https:\/\/hotellwilhelmina.se\/en\/konferenspaket\/","og_locale":"en_GB","og_type":"article","og_title":"hotellwilhelmina.se\/","og_description":"&nbsp; &nbsp;Dagskonferens - F\u00f6rmiddagsfika - Lunchbuff\u00e9 - Konferenslokal 284:- exkl. moms. \u00a0 V\u00e4lj konferenspaket med h\u00e4lsofika! Smoothie, frukt &amp; nyttig sm\u00f6rg\u00e5s. 364:- exkl. moms.Lunch till lunch - Lunchbuff\u00e9 - Lokalhyra - Eftermiddagsfika med kaka - Tillg\u00e5ng till v\u00e5r spa- &amp; relaxavdelning - Boende i dubbelrum - 2-r\u00e4ttersmiddagUppgradera till en 3-r\u00e4ttersmiddag. Fr\u00e5ga vid bokning. - Frukostbuff\u00e9 [&hellip;]","og_url":"https:\/\/hotellwilhelmina.se\/en\/konferenspaket\/","og_site_name":"Hotell Wilhelmina","article_publisher":"https:\/\/www.facebook.com\/Hotell-Wilhelmina-Vilhelmina-109359075799208\/","article_modified_time":"2025-06-24T13:00:52+00:00","twitter_card":"summary_large_image","twitter_misc":{"Estimated reading time":"3 minutes"},"schema":{"@context":"https:\/\/schema.org","@graph":[{"@type":"WebPage","@id":"https:\/\/hotellwilhelmina.se\/konferenspaket\/","url":"https:\/\/hotellwilhelmina.se\/konferenspaket\/","name":"hotellwilhelmina.se\/","isPartOf":{"@id":"https:\/\/hotellwilhelmina.se\/#website"},"datePublished":"2018-03-19T14:47:10+00:00","dateModified":"2025-06-24T13:00:52+00:00","breadcrumb":{"@id":"https:\/\/hotellwilhelmina.se\/konferenspaket\/#breadcrumb"},"inLanguage":"en-GB","potentialAction":[{"@type":"ReadAction","target":["https:\/\/hotellwilhelmina.se\/konferenspaket\/"]}]},{"@type":"BreadcrumbList","@id":"https:\/\/hotellwilhelmina.se\/konferenspaket\/#breadcrumb","itemListElement":[{"@type":"ListItem","position":1,"name":"Hem","item":"https:\/\/hotellwilhelmina.se\/"},{"@type":"ListItem","position":2,"name":"Konferenspaket"}]},{"@type":"WebSite","@id":"https:\/\/hotellwilhelmina.se\/#website","url":"https:\/\/hotellwilhelmina.se\/","name":"Hotell Wilhelmina","description":"","publisher":{"@id":"https:\/\/hotellwilhelmina.se\/#organization"},"potentialAction":[{"@type":"SearchAction","target":{"@type":"EntryPoint","urlTemplate":"https:\/\/hotellwilhelmina.se\/?s={search_term_string}"},"query-input":{"@type":"PropertyValueSpecification","valueRequired":true,"valueName":"search_term_string"}}],"inLanguage":"en-GB"},{"@type":"Organization","@id":"https:\/\/hotellwilhelmina.se\/#organization","name":"Hotell Wilhelmina","url":"https:\/\/hotellwilhelmina.se\/","logo":{"@type":"ImageObject","inLanguage":"en-GB","@id":"https:\/\/hotellwilhelmina.se\/#\/schema\/logo\/image\/","url":"https:\/\/hotellwilhelmina.se\/wp-content\/uploads\/2017\/08\/logotype.gif","contentUrl":"https:\/\/hotellwilhelmina.se\/wp-content\/uploads\/2017\/08\/logotype.gif","width":74,"height":65,"caption":"Hotell Wilhelmina"},"image":{"@id":"https:\/\/hotellwilhelmina.se\/#\/schema\/logo\/image\/"},"sameAs":["https:\/\/www.facebook.com\/Hotell-Wilhelmina-Vilhelmina-109359075799208\/","https:\/\/www.instagram.com\/hotellwilhelmina\/"]}]}},"_links":{"self":[{"href":"https:\/\/hotellwilhelmina.se\/en\/wp-json\/wp\/v2\/pages\/1388","targetHints":{"allow":["GET"]}}],"collection":[{"href":"https:\/\/hotellwilhelmina.se\/en\/wp-json\/wp\/v2\/pages"}],"about":[{"href":"https:\/\/hotellwilhelmina.se\/en\/wp-json\/wp\/v2\/types\/page"}],"author":[{"embeddable":true,"href":"https:\/\/hotellwilhelmina.se\/en\/wp-json\/wp\/v2\/users\/1"}],"replies":[{"embeddable":true,"href":"https:\/\/hotellwilhelmina.se\/en\/wp-json\/wp\/v2\/comments?post=1388"}],"version-history":[{"count":33,"href":"https:\/\/hotellwilhelmina.se\/en\/wp-json\/wp\/v2\/pages\/1388\/revisions"}],"predecessor-version":[{"id":5690,"href":"https:\/\/hotellwilhelmina.se\/en\/wp-json\/wp\/v2\/pages\/1388\/revisions\/5690"}],"wp:attachment":[{"href":"https:\/\/hotellwilhelmina.se\/en\/wp-json\/wp\/v2\/media?parent=1388"}],"curies":[{"name":"wp","href":"https:\/\/api.w.org\/{rel}","templated":true}]}}