{"id":1364,"date":"2018-03-19T14:39:08","date_gmt":"2018-03-19T14:39:08","guid":{"rendered":"http:\/\/wptest.idenfors.se\/?page_id=1364"},"modified":"2025-03-25T10:32:08","modified_gmt":"2025-03-25T09:32:08","slug":"priser","status":"publish","type":"page","link":"https:\/\/hotellwilhelmina.se\/en\/priser\/","title":{"rendered":"Prices"},"content":{"rendered":"<p>[et_pb_section fb_built=&#8221;1&#8243; fullwidth=&#8221;on&#8221; disabled_on=&#8221;off|off|off&#8221; admin_label=&#8221;Hero&#8221; _builder_version=&#8221;4.16&#8243; parallax=&#8221;on&#8221; custom_padding=&#8221;0px|0px|0|0px|false|false&#8221; transparent_background=&#8221;on&#8221; global_colors_info=&#8221;{}&#8221;][et_pb_fullwidth_header title=&#8221;Priser&#8221; text_orientation=&#8221;center&#8221; button_one_text=&#8221;Boka&#8221; button_one_url=&#8221;https:\/\/hotellwilhelmina.se\/boka\/&#8221; background_overlay_color=&#8221;rgba(0,0,0,0.42)&#8221; subhead_font_color=&#8221;#bebebe&#8221; _builder_version=&#8221;4.16&#8243; title_font=&#8221;Playfair Display||||&#8221; title_text_color=&#8221;#ffffff&#8221; title_font_size=&#8221;72px&#8221; title_line_height=&#8221;1.3em&#8221; content_font=&#8221;Montserrat||||&#8221; content_text_color=&#8221;#bfbfbf&#8221; content_font_size=&#8221;19px&#8221; content_line_height=&#8221;1.8em&#8221; subhead_font=&#8221;Montserrat||||&#8221; subhead_text_color=&#8221;#bebebe&#8221; subhead_line_height=&#8221;1.8em&#8221; background_color=&#8221;rgba(13,96,49,0)&#8221; use_background_color_gradient=&#8221;on&#8221; background_color_gradient_direction=&#8221;176deg&#8221; background_image=&#8221;https:\/\/hotellwilhelmina.se\/wp-content\/uploads\/2018\/04\/enkel_test_w.jpg&#8221; custom_button_one=&#8221;on&#8221; button_one_text_color=&#8221;#ffffff&#8221; button_one_font=&#8221;||||||||&#8221; custom_padding=&#8221;5%||5%|&#8221; animation_style=&#8221;zoom&#8221; animation_duration=&#8221;1500ms&#8221; animation_intensity_zoom=&#8221;4%&#8221; title_font_size_tablet=&#8221;&#8221; title_font_size_phone=&#8221;46px&#8221; title_font_size_last_edited=&#8221;on|phone&#8221; title_line_height_last_edited=&#8221;off|desktop&#8221; global_colors_info=&#8221;{}&#8221; button_one_text_size__hover_enabled=&#8221;off&#8221; button_two_text_size__hover_enabled=&#8221;off&#8221; button_one_text_color__hover_enabled=&#8221;off&#8221; button_two_text_color__hover_enabled=&#8221;off&#8221; button_one_border_width__hover_enabled=&#8221;off&#8221; button_two_border_width__hover_enabled=&#8221;off&#8221; button_one_border_color__hover_enabled=&#8221;off&#8221; button_two_border_color__hover_enabled=&#8221;off&#8221; button_one_border_radius__hover_enabled=&#8221;off&#8221; button_two_border_radius__hover_enabled=&#8221;off&#8221; button_one_letter_spacing__hover_enabled=&#8221;off&#8221; button_two_letter_spacing__hover_enabled=&#8221;off&#8221; button_one_bg_color__hover_enabled=&#8221;off&#8221; button_two_bg_color__hover_enabled=&#8221;off&#8221;]&nbsp;<\/p>\n<p><span style=\"color: #ffffff;\">F\u00f6rfr\u00e5gan kan g\u00f6ras direkt h\u00e4r p\u00e5 hemsidan<\/span><\/p>\n<p>&nbsp;<br \/>\n[\/et_pb_fullwidth_header][\/et_pb_section][et_pb_section fb_built=&#8221;1&#8243; admin_label=&#8221;Our Story&#8221; _builder_version=&#8221;4.16&#8243; background_color=&#8221;#000000&#8243; background_position=&#8221;top_left&#8221; custom_padding=&#8221;36px|0px|24px|0px|false|false&#8221; collapsed=&#8221;off&#8221; global_colors_info=&#8221;{}&#8221;][et_pb_row column_structure=&#8221;1_2,1_2&#8243; _builder_version=&#8221;4.16&#8243; background_size=&#8221;initial&#8221; background_position=&#8221;top_left&#8221; background_repeat=&#8221;repeat&#8221; custom_margin=&#8221;|||&#8221; custom_padding=&#8221;|||&#8221; global_colors_info=&#8221;{}&#8221;][et_pb_column type=&#8221;1_2&#8243; _builder_version=&#8221;4.16&#8243; background_position=&#8221;top_left&#8221; custom_padding=&#8221;|||&#8221; global_colors_info=&#8221;{}&#8221; custom_padding__hover=&#8221;|||&#8221;][et_pb_text _builder_version=&#8221;4.16&#8243; text_font=&#8221;Montserrat|on||on|&#8221; text_text_color=&#8221;#bfbfbf&#8221; text_letter_spacing=&#8221;2px&#8221; text_line_height=&#8221;1.3em&#8221; background_size=&#8221;initial&#8221; background_position=&#8221;top_left&#8221; background_repeat=&#8221;repeat&#8221; module_alignment=&#8221;center&#8221; custom_margin=&#8221;||12px|&#8221; custom_padding=&#8221;|||&#8221; animation_style=&#8221;slide&#8221; animation_direction=&#8221;bottom&#8221; saved_tabs=&#8221;all&#8221; locked=&#8221;off&#8221; global_colors_info=&#8221;{}&#8221;]Priser<br \/>\n[\/et_pb_text][et_pb_divider color=&#8221;#c39d63&#8243; divider_weight=&#8221;3px&#8221; _builder_version=&#8221;4.16&#8243; max_width=&#8221;60px&#8221; module_alignment=&#8221;left&#8221; custom_margin=&#8221;||10px|&#8221; saved_tabs=&#8221;all&#8221; locked=&#8221;off&#8221; global_colors_info=&#8221;{}&#8221;][\/et_pb_divider][et_pb_text disabled_on=&#8221;on|on|off&#8221; _builder_version=&#8221;4.16&#8243; text_font=&#8221;||||&#8221; text_text_color=&#8221;#1f1f1f&#8221; header_font=&#8221;Playfair Display||||&#8221; header_text_color=&#8221;#1f1f1f&#8221; header_font_size=&#8221;48px&#8221; header_line_height=&#8221;1.3em&#8221; background_size=&#8221;initial&#8221; background_position=&#8221;top_left&#8221; background_repeat=&#8221;repeat&#8221; global_colors_info=&#8221;{}&#8221;]<\/p>\n<h1><span style=\"color: #ffffff;\">Hotellrumspriser<\/span><\/h1>\n<p>[\/et_pb_text][et_pb_text _builder_version=&#8221;4.16&#8243; text_font=&#8221;Montserrat||||&#8221; text_text_color=&#8221;#939393&#8243; text_font_size=&#8221;17px&#8221; text_line_height=&#8221;1.8em&#8221; header_font=&#8221;||||&#8221; background_size=&#8221;initial&#8221; background_position=&#8221;top_left&#8221; background_repeat=&#8221;repeat&#8221; max_width=&#8221;700px&#8221; animation_style=&#8221;slide&#8221; animation_direction=&#8221;top&#8221; animation_intensity_slide=&#8221;4%&#8221; global_colors_info=&#8221;{}&#8221;]<\/p>\n<h2><span style=\"color: #ffffff;\">S\u00f6ndag till torsdag<\/span><\/h2>\n<ul>\n<li><span style=\"color: #ffffff;\">Enkelrum 1250kr<\/span><\/li>\n<li><span style=\"color: #ffffff;\">Dubbelrum 1450kr<\/span><\/li>\n<li><span style=\"color: #ffffff;\">Treb\u00e4ddsrum 1850kr<\/span><\/li>\n<li><span style=\"color: #ffffff;\">Minisvit 1750kr<\/span><\/li>\n<li><span style=\"color: #ffffff;\">Stora sviten 2000kr<\/span><\/li>\n<li><span style=\"color: #ffffff;\">Extra b\u00e4dd 399kr<\/span><\/li>\n<li><span style=\"color: #ffffff;\">Spj\u00e4ls\u00e4ng 200kr<\/span><\/li>\n<li><span style=\"color: #ffffff;\">Hund 99kr<\/span><\/li>\n<\/ul>\n<p><span style=\"color: #ffffff;\">\u00d6nskar ni sova l\u00e4ngre?<\/span><br \/><span style=\"color: #ffffff;\"> Beh\u00e5ll rummet till 15.00 200kr<\/span><\/p>\n<p><span style=\"color: #ffffff;\">\u00a0<\/span><\/p>\n<h2><span style=\"color: #ffffff;\">Fredag till l\u00f6rdag<\/span><\/h2>\n<ul>\n<li><span style=\"color: #ffffff;\">Enkelrum 1175kr<\/span><\/li>\n<li><span style=\"color: #ffffff;\">Dubbelrum 1350kr<\/span><\/li>\n<li><span style=\"color: #ffffff;\">Treb\u00e4ddsrum 1750kr<\/span><\/li>\n<li><span style=\"color: #ffffff;\">Minisvit 1750kr<\/span><\/li>\n<li><span style=\"color: #ffffff;\">Stora sviten 2000kr<\/span><\/li>\n<li><span style=\"color: #ffffff;\">Extra b\u00e4dd 399kr<\/span><\/li>\n<li><span style=\"color: #ffffff;\">Spj\u00e4ls\u00e4ng 200kr<\/span><\/li>\n<li><span style=\"color: #ffffff;\">Hund 99kr<\/span><\/li>\n<\/ul>\n<p><span style=\"color: #ffffff;\">Priserna g\u00e4ller per natt.<br \/>Priserna avser 2025.<br \/><\/span><\/p>\n<p>&nbsp;<\/p>\n<p>[\/et_pb_text][\/et_pb_column][et_pb_column type=&#8221;1_2&#8243; _builder_version=&#8221;4.16&#8243; background_position=&#8221;top_left&#8221; custom_padding=&#8221;60px|||&#8221; global_colors_info=&#8221;{}&#8221; custom_padding__hover=&#8221;|||&#8221;][et_pb_image src=&#8221;https:\/\/hotellwilhelmina.se\/wp-content\/uploads\/2018\/04\/collage_3.jpg&#8221; align_tablet=&#8221;center&#8221; align_phone=&#8221;&#8221; align_last_edited=&#8221;on|desktop&#8221; disabled_on=&#8221;on|off|off&#8221; _builder_version=&#8221;4.16&#8243; global_colors_info=&#8221;{}&#8221;][\/et_pb_image][\/et_pb_column][\/et_pb_row][\/et_pb_section][et_pb_section fb_built=&#8221;1&#8243; admin_label=&#8221;Contact Us&#8221; _builder_version=&#8221;4.16&#8243; background_color=&#8221;rgba(0,0,0,0.75)&#8221; background_image=&#8221;https:\/\/hotellwilhelmina.se\/wp-content\/uploads\/2018\/04\/trebadd_1200w.jpg&#8221; background_blend=&#8221;color&#8221; custom_padding=&#8221;100px|0px|100px|0px&#8221; collapsed=&#8221;off&#8221; global_colors_info=&#8221;{}&#8221;][\/et_pb_section]<\/p>\n","protected":false},"excerpt":{"rendered":"<p>&nbsp; F\u00f6rfr\u00e5gan kan g\u00f6ras direkt h\u00e4r p\u00e5 hemsidan &nbsp; Priser Hotellrumspriser S\u00f6ndag till torsdag Enkelrum 1250kr Dubbelrum 1450kr Treb\u00e4ddsrum 1850kr Minisvit 1750kr Stora sviten 2000kr Extra b\u00e4dd 399kr Spj\u00e4ls\u00e4ng 200kr Hund 99kr \u00d6nskar ni sova l\u00e4ngre? Beh\u00e5ll rummet till 15.00 200kr \u00a0 Fredag till l\u00f6rdag Enkelrum 1175kr Dubbelrum 1350kr Treb\u00e4ddsrum 1750kr Minisvit 1750kr Stora sviten [&hellip;]<\/p>\n","protected":false},"author":1,"featured_media":0,"parent":0,"menu_order":0,"comment_status":"closed","ping_status":"closed","template":"","meta":{"_et_pb_use_builder":"on","_et_pb_old_content":"","_et_gb_content_width":"","footnotes":""},"class_list":["post-1364","page","type-page","status-publish","hentry"],"yoast_head":"<!-- This site is optimized with the Yoast SEO plugin v27.4 - https:\/\/yoast.com\/product\/yoast-seo-wordpress\/ -->\n<title>hotellwilhelmina.se\/<\/title>\n<meta name=\"robots\" content=\"index, follow, max-snippet:-1, max-image-preview:large, max-video-preview:-1\" \/>\n<link rel=\"canonical\" href=\"https:\/\/hotellwilhelmina.se\/en\/priser\/\" \/>\n<meta property=\"og:locale\" content=\"en_GB\" \/>\n<meta property=\"og:type\" content=\"article\" \/>\n<meta property=\"og:title\" content=\"hotellwilhelmina.se\/\" \/>\n<meta property=\"og:description\" content=\"&nbsp; F\u00f6rfr\u00e5gan kan g\u00f6ras direkt h\u00e4r p\u00e5 hemsidan &nbsp; Priser Hotellrumspriser S\u00f6ndag till torsdag Enkelrum 1250kr Dubbelrum 1450kr Treb\u00e4ddsrum 1850kr Minisvit 1750kr Stora sviten 2000kr Extra b\u00e4dd 399kr Spj\u00e4ls\u00e4ng 200kr Hund 99kr \u00d6nskar ni sova l\u00e4ngre? Beh\u00e5ll rummet till 15.00 200kr \u00a0 Fredag till l\u00f6rdag Enkelrum 1175kr Dubbelrum 1350kr Treb\u00e4ddsrum 1750kr Minisvit 1750kr Stora sviten [&hellip;]\" \/>\n<meta property=\"og:url\" content=\"https:\/\/hotellwilhelmina.se\/en\/priser\/\" \/>\n<meta property=\"og:site_name\" content=\"Hotell Wilhelmina\" \/>\n<meta property=\"article:publisher\" content=\"https:\/\/www.facebook.com\/Hotell-Wilhelmina-Vilhelmina-109359075799208\/\" \/>\n<meta property=\"article:modified_time\" content=\"2025-03-25T09:32:08+00:00\" \/>\n<meta name=\"twitter:card\" content=\"summary_large_image\" \/>\n<meta name=\"twitter:label1\" content=\"Estimated reading time\" \/>\n\t<meta name=\"twitter:data1\" content=\"4 minutes\" \/>\n<script type=\"application\/ld+json\" class=\"yoast-schema-graph\">{\"@context\":\"https:\\\/\\\/schema.org\",\"@graph\":[{\"@type\":\"WebPage\",\"@id\":\"https:\\\/\\\/hotellwilhelmina.se\\\/priser\\\/\",\"url\":\"https:\\\/\\\/hotellwilhelmina.se\\\/priser\\\/\",\"name\":\"hotellwilhelmina.se\\\/\",\"isPartOf\":{\"@id\":\"https:\\\/\\\/hotellwilhelmina.se\\\/#website\"},\"datePublished\":\"2018-03-19T14:39:08+00:00\",\"dateModified\":\"2025-03-25T09:32:08+00:00\",\"breadcrumb\":{\"@id\":\"https:\\\/\\\/hotellwilhelmina.se\\\/priser\\\/#breadcrumb\"},\"inLanguage\":\"en-GB\",\"potentialAction\":[{\"@type\":\"ReadAction\",\"target\":[\"https:\\\/\\\/hotellwilhelmina.se\\\/priser\\\/\"]}]},{\"@type\":\"BreadcrumbList\",\"@id\":\"https:\\\/\\\/hotellwilhelmina.se\\\/priser\\\/#breadcrumb\",\"itemListElement\":[{\"@type\":\"ListItem\",\"position\":1,\"name\":\"Hem\",\"item\":\"https:\\\/\\\/hotellwilhelmina.se\\\/\"},{\"@type\":\"ListItem\",\"position\":2,\"name\":\"Priser\"}]},{\"@type\":\"WebSite\",\"@id\":\"https:\\\/\\\/hotellwilhelmina.se\\\/#website\",\"url\":\"https:\\\/\\\/hotellwilhelmina.se\\\/\",\"name\":\"Hotell Wilhelmina\",\"description\":\"\",\"publisher\":{\"@id\":\"https:\\\/\\\/hotellwilhelmina.se\\\/#organization\"},\"potentialAction\":[{\"@type\":\"SearchAction\",\"target\":{\"@type\":\"EntryPoint\",\"urlTemplate\":\"https:\\\/\\\/hotellwilhelmina.se\\\/?s={search_term_string}\"},\"query-input\":{\"@type\":\"PropertyValueSpecification\",\"valueRequired\":true,\"valueName\":\"search_term_string\"}}],\"inLanguage\":\"en-GB\"},{\"@type\":\"Organization\",\"@id\":\"https:\\\/\\\/hotellwilhelmina.se\\\/#organization\",\"name\":\"Hotell Wilhelmina\",\"url\":\"https:\\\/\\\/hotellwilhelmina.se\\\/\",\"logo\":{\"@type\":\"ImageObject\",\"inLanguage\":\"en-GB\",\"@id\":\"https:\\\/\\\/hotellwilhelmina.se\\\/#\\\/schema\\\/logo\\\/image\\\/\",\"url\":\"https:\\\/\\\/hotellwilhelmina.se\\\/wp-content\\\/uploads\\\/2017\\\/08\\\/logotype.gif\",\"contentUrl\":\"https:\\\/\\\/hotellwilhelmina.se\\\/wp-content\\\/uploads\\\/2017\\\/08\\\/logotype.gif\",\"width\":74,\"height\":65,\"caption\":\"Hotell Wilhelmina\"},\"image\":{\"@id\":\"https:\\\/\\\/hotellwilhelmina.se\\\/#\\\/schema\\\/logo\\\/image\\\/\"},\"sameAs\":[\"https:\\\/\\\/www.facebook.com\\\/Hotell-Wilhelmina-Vilhelmina-109359075799208\\\/\",\"https:\\\/\\\/www.instagram.com\\\/hotellwilhelmina\\\/\"]}]}<\/script>\n<!-- \/ Yoast SEO plugin. -->","yoast_head_json":{"title":"hotellwilhelmina.se\/","robots":{"index":"index","follow":"follow","max-snippet":"max-snippet:-1","max-image-preview":"max-image-preview:large","max-video-preview":"max-video-preview:-1"},"canonical":"https:\/\/hotellwilhelmina.se\/en\/priser\/","og_locale":"en_GB","og_type":"article","og_title":"hotellwilhelmina.se\/","og_description":"&nbsp; F\u00f6rfr\u00e5gan kan g\u00f6ras direkt h\u00e4r p\u00e5 hemsidan &nbsp; Priser Hotellrumspriser S\u00f6ndag till torsdag Enkelrum 1250kr Dubbelrum 1450kr Treb\u00e4ddsrum 1850kr Minisvit 1750kr Stora sviten 2000kr Extra b\u00e4dd 399kr Spj\u00e4ls\u00e4ng 200kr Hund 99kr \u00d6nskar ni sova l\u00e4ngre? Beh\u00e5ll rummet till 15.00 200kr \u00a0 Fredag till l\u00f6rdag Enkelrum 1175kr Dubbelrum 1350kr Treb\u00e4ddsrum 1750kr Minisvit 1750kr Stora sviten [&hellip;]","og_url":"https:\/\/hotellwilhelmina.se\/en\/priser\/","og_site_name":"Hotell Wilhelmina","article_publisher":"https:\/\/www.facebook.com\/Hotell-Wilhelmina-Vilhelmina-109359075799208\/","article_modified_time":"2025-03-25T09:32:08+00:00","twitter_card":"summary_large_image","twitter_misc":{"Estimated reading time":"4 minutes"},"schema":{"@context":"https:\/\/schema.org","@graph":[{"@type":"WebPage","@id":"https:\/\/hotellwilhelmina.se\/priser\/","url":"https:\/\/hotellwilhelmina.se\/priser\/","name":"hotellwilhelmina.se\/","isPartOf":{"@id":"https:\/\/hotellwilhelmina.se\/#website"},"datePublished":"2018-03-19T14:39:08+00:00","dateModified":"2025-03-25T09:32:08+00:00","breadcrumb":{"@id":"https:\/\/hotellwilhelmina.se\/priser\/#breadcrumb"},"inLanguage":"en-GB","potentialAction":[{"@type":"ReadAction","target":["https:\/\/hotellwilhelmina.se\/priser\/"]}]},{"@type":"BreadcrumbList","@id":"https:\/\/hotellwilhelmina.se\/priser\/#breadcrumb","itemListElement":[{"@type":"ListItem","position":1,"name":"Hem","item":"https:\/\/hotellwilhelmina.se\/"},{"@type":"ListItem","position":2,"name":"Priser"}]},{"@type":"WebSite","@id":"https:\/\/hotellwilhelmina.se\/#website","url":"https:\/\/hotellwilhelmina.se\/","name":"Hotell Wilhelmina","description":"","publisher":{"@id":"https:\/\/hotellwilhelmina.se\/#organization"},"potentialAction":[{"@type":"SearchAction","target":{"@type":"EntryPoint","urlTemplate":"https:\/\/hotellwilhelmina.se\/?s={search_term_string}"},"query-input":{"@type":"PropertyValueSpecification","valueRequired":true,"valueName":"search_term_string"}}],"inLanguage":"en-GB"},{"@type":"Organization","@id":"https:\/\/hotellwilhelmina.se\/#organization","name":"Hotell Wilhelmina","url":"https:\/\/hotellwilhelmina.se\/","logo":{"@type":"ImageObject","inLanguage":"en-GB","@id":"https:\/\/hotellwilhelmina.se\/#\/schema\/logo\/image\/","url":"https:\/\/hotellwilhelmina.se\/wp-content\/uploads\/2017\/08\/logotype.gif","contentUrl":"https:\/\/hotellwilhelmina.se\/wp-content\/uploads\/2017\/08\/logotype.gif","width":74,"height":65,"caption":"Hotell Wilhelmina"},"image":{"@id":"https:\/\/hotellwilhelmina.se\/#\/schema\/logo\/image\/"},"sameAs":["https:\/\/www.facebook.com\/Hotell-Wilhelmina-Vilhelmina-109359075799208\/","https:\/\/www.instagram.com\/hotellwilhelmina\/"]}]}},"_links":{"self":[{"href":"https:\/\/hotellwilhelmina.se\/en\/wp-json\/wp\/v2\/pages\/1364","targetHints":{"allow":["GET"]}}],"collection":[{"href":"https:\/\/hotellwilhelmina.se\/en\/wp-json\/wp\/v2\/pages"}],"about":[{"href":"https:\/\/hotellwilhelmina.se\/en\/wp-json\/wp\/v2\/types\/page"}],"author":[{"embeddable":true,"href":"https:\/\/hotellwilhelmina.se\/en\/wp-json\/wp\/v2\/users\/1"}],"replies":[{"embeddable":true,"href":"https:\/\/hotellwilhelmina.se\/en\/wp-json\/wp\/v2\/comments?post=1364"}],"version-history":[{"count":23,"href":"https:\/\/hotellwilhelmina.se\/en\/wp-json\/wp\/v2\/pages\/1364\/revisions"}],"predecessor-version":[{"id":5566,"href":"https:\/\/hotellwilhelmina.se\/en\/wp-json\/wp\/v2\/pages\/1364\/revisions\/5566"}],"wp:attachment":[{"href":"https:\/\/hotellwilhelmina.se\/en\/wp-json\/wp\/v2\/media?parent=1364"}],"curies":[{"name":"wp","href":"https:\/\/api.w.org\/{rel}","templated":true}]}}