{"id":1330,"date":"2017-12-13T13:12:23","date_gmt":"2017-12-13T13:12:23","guid":{"rendered":"http:\/\/wptest.idenfors.se\/?page_id=1330"},"modified":"2025-10-20T07:18:04","modified_gmt":"2025-10-20T06:18:04","slug":"restaurang","status":"publish","type":"page","link":"https:\/\/hotellwilhelmina.se\/en\/restaurang\/","title":{"rendered":"Restaurant"},"content":{"rendered":"<p>[et_pb_section fb_built=&#8221;1&#8243; fullwidth=&#8221;on&#8221; disabled_on=&#8221;off|off|off&#8221; admin_label=&#8221;Hero&#8221; _builder_version=&#8221;3.8&#8243; parallax=&#8221;on&#8221; custom_padding=&#8221;0px|0px|0|0px|false|false&#8221; transparent_background=&#8221;on&#8221;][et_pb_fullwidth_header title=&#8221;Restaurangen&#8221; text_orientation=&#8221;center&#8221; scroll_down_icon_color=&#8221;#ffffff&#8221; scroll_down_icon_size=&#8221;32px&#8221; button_one_url=&#8221;https:\/\/hotellwilhelmina.se\/boka\/&#8221; background_overlay_color=&#8221;rgba(0,0,0,0.42)&#8221; subhead_font_color=&#8221;#bebebe&#8221; _builder_version=&#8221;3.8&#8243; title_font=&#8221;Playfair Display||||&#8221; title_text_color=&#8221;#ffffff&#8221; title_font_size=&#8221;72px&#8221; title_line_height=&#8221;1.3em&#8221; title_line_height_last_edited=&#8221;off|desktop&#8221; content_font=&#8221;Montserrat||||&#8221; content_text_color=&#8221;#bfbfbf&#8221; content_font_size=&#8221;19px&#8221; content_line_height=&#8221;1.8em&#8221; subhead_font=&#8221;Montserrat||||&#8221; subhead_text_color=&#8221;#bebebe&#8221; subhead_line_height=&#8221;1.8em&#8221; background_color=&#8221;rgba(13,96,49,0)&#8221; use_background_color_gradient=&#8221;on&#8221; background_color_gradient_direction=&#8221;176deg&#8221; background_image=&#8221;https:\/\/hotellwilhelmina.se\/wp-content\/uploads\/2018\/04\/head_restarung.jpg&#8221; custom_button_one=&#8221;on&#8221; button_one_text_color=&#8221;#ffffff&#8221; button_one_font=&#8221;||||||||&#8221; custom_padding=&#8221;5%||5%|&#8221; animation_style=&#8221;zoom&#8221; animation_duration=&#8221;1500ms&#8221; animation_intensity_zoom=&#8221;4%&#8221; title_font_size_last_edited=&#8221;on|phone&#8221; title_font_size_phone=&#8221;46px&#8221;]<\/p>\n<p>&nbsp;<\/p>\n<p>&nbsp;<\/p>\n<p>[\/et_pb_fullwidth_header][\/et_pb_section][et_pb_section fb_built=&#8221;1&#8243; admin_label=&#8221;Our Story&#8221; _builder_version=&#8221;3.8&#8243; background_color=&#8221;#000000&#8243; background_position=&#8221;top_left&#8221; custom_padding=&#8221;36px|0px|24px|0px|false|false&#8221; collapsed=&#8221;off&#8221;][et_pb_row custom_padding=&#8221;|||&#8221; custom_margin=&#8221;|||&#8221; background_position_1=&#8221;top_left&#8221; background_position_2=&#8221;top_left&#8221; background_repeat_1=&#8221;no-repeat&#8221; background_repeat_2=&#8221;no-repeat&#8221; padding_top_2=&#8221;60px&#8221; _builder_version=&#8221;3.0.77&#8243; background_size=&#8221;initial&#8221; background_position=&#8221;top_left&#8221; background_repeat=&#8221;repeat&#8221;][et_pb_column type=&#8221;1_2&#8243; _builder_version=&#8221;3.0.47&#8243; parallax=&#8221;off&#8221; parallax_method=&#8221;on&#8221; background_position=&#8221;top_left&#8221; background_repeat=&#8221;no-repeat&#8221;][et_pb_image src=&#8221;https:\/\/hotellwilhelmina.se\/wp-content\/uploads\/2017\/12\/restaurang.jpg&#8221; always_center_on_mobile=&#8221;off&#8221; _builder_version=&#8221;3.8&#8243; animation_style=&#8221;slide&#8221; animation_direction=&#8221;right&#8221; animation_intensity_slide=&#8221;10%&#8221; disabled_on=&#8221;on|off|off&#8221;][\/et_pb_image][\/et_pb_column][et_pb_column type=&#8221;1_2&#8243; _builder_version=&#8221;3.0.47&#8243; padding_top=&#8221;60px&#8221; parallax=&#8221;off&#8221; parallax_method=&#8221;on&#8221; background_position=&#8221;top_left&#8221; background_repeat=&#8221;no-repeat&#8221;][et_pb_text disabled_on=&#8221;on|on|off&#8221; _builder_version=&#8221;3.0.77&#8243; text_font=&#8221;||||&#8221; text_text_color=&#8221;#1f1f1f&#8221; header_font=&#8221;Playfair Display||||&#8221; header_text_color=&#8221;#1f1f1f&#8221; header_font_size=&#8221;48px&#8221; header_line_height=&#8221;1.3em&#8221; background_size=&#8221;initial&#8221; background_position=&#8221;top_left&#8221; background_repeat=&#8221;repeat&#8221;]<\/p>\n<h1><span style=\"color: #ffffff;\">Mat &amp; festsal<\/span><\/h1>\n<p>[\/et_pb_text][et_pb_text _builder_version=&#8221;3.8&#8243; text_font=&#8221;Montserrat||||&#8221; text_text_color=&#8221;#939393&#8243; text_font_size=&#8221;17px&#8221; text_line_height=&#8221;1.8em&#8221; header_font=&#8221;||||&#8221; background_size=&#8221;initial&#8221; background_position=&#8221;top_left&#8221; background_repeat=&#8221;repeat&#8221; max_width=&#8221;700px&#8221; animation_style=&#8221;slide&#8221; animation_direction=&#8221;top&#8221; animation_intensity_slide=&#8221;4%&#8221;]<\/p>\n<p><span style=\"font-size: 17px; color: #ffffff;\">I den anrika mat- och festsalen m\u00f6ts man av den storslagna utsikten \u00f6ver Volgsj\u00f6n och Blaikfj\u00e4llet. H\u00e4r serveras klassisk husmanskost och exklusiv \u00e0 la carte som k\u00f6ksm\u00e4staren komponerat och lagat med utg\u00e5ngspunkt i att nyttja lokalproducerade r\u00e5varorstorslagna utsikten \u00f6ver Volgsj\u00f6n och Blaikfj\u00e4llet. H\u00e4r serveras klassisk husmanskost och exklusiv \u00e0 la carte som k\u00f6ksm\u00e4staren komponerat och lagat med utg\u00e5ngspunkt i att nyttja lokalproducerade r\u00e5varor<\/span><\/p>\n<p>[\/et_pb_text][\/et_pb_column][\/et_pb_row][\/et_pb_section][et_pb_section fb_built=&#8221;1&#8243; admin_label=&#8221;Testominals&#8221; _builder_version=&#8221;3.0.77&#8243; background_color=&#8221;rgba(0,0,0,0.03)&#8221; background_size=&#8221;initial&#8221; background_position=&#8221;top_left&#8221; custom_padding=&#8221;100px|0px|0|0px|false|false&#8221; saved_tabs=&#8221;all&#8221; collapsed=&#8221;off&#8221;][et_pb_row custom_padding=&#8221;27px|0px|27px|0px&#8221; admin_label=&#8221;row&#8221; _builder_version=&#8221;3.0.69&#8243; background_size=&#8221;initial&#8221; background_position=&#8221;top_left&#8221; background_repeat=&#8221;repeat&#8221;][et_pb_column type=&#8221;4_4&#8243; _builder_version=&#8221;3.0.47&#8243; parallax=&#8221;off&#8221; parallax_method=&#8221;on&#8221;][et_pb_text _builder_version=&#8221;3.8&#8243; text_font=&#8221;Montserrat|on||on|&#8221; text_text_color=&#8221;#bfbfbf&#8221; text_letter_spacing=&#8221;2px&#8221; text_line_height=&#8221;1.3em&#8221; background_size=&#8221;initial&#8221; background_position=&#8221;top_left&#8221; background_repeat=&#8221;repeat&#8221; text_orientation=&#8221;center&#8221; module_alignment=&#8221;center&#8221; custom_margin=&#8221;||12px|&#8221; custom_padding=&#8221;|||&#8221; animation_style=&#8221;slide&#8221; animation_direction=&#8221;bottom&#8221; locked=&#8221;off&#8221;]<\/p>\n<p>MER ATT V\u00c4LJA P\u00c5<\/p>\n<p>[\/et_pb_text][et_pb_divider color=&#8221;#c39d63&#8243; divider_weight=&#8221;3px&#8221; disabled_on=&#8221;on|on|off%22%22&#8243; _builder_version=&#8221;3.2&#8243; max_width=&#8221;60px&#8221; module_alignment=&#8221;center&#8221; custom_margin=&#8221;||10px|&#8221; locked=&#8221;off&#8221;][\/et_pb_divider][et_pb_text _builder_version=&#8221;3.8&#8243; text_font=&#8221;||||&#8221; text_text_color=&#8221;#1f1f1f&#8221; header_font=&#8221;Playfair Display||||&#8221; header_text_align=&#8221;center&#8221; header_text_color=&#8221;#1f1f1f&#8221; header_font_size=&#8221;48px&#8221; header_line_height=&#8221;1.3em&#8221; background_size=&#8221;initial&#8221; background_position=&#8221;top_left&#8221; background_repeat=&#8221;repeat&#8221; module_alignment=&#8221;center&#8221; locked=&#8221;off&#8221;]<\/p>\n<h1><span style=\"color: #ffffff;\">Vi kan ocks\u00e5 erbjuda<\/span><\/h1>\n<p>[\/et_pb_text][\/et_pb_column][\/et_pb_row][et_pb_row use_custom_width=&#8221;on&#8221; custom_width_px=&#8221;1280px&#8221; custom_padding=&#8221;27px|0px|27px|0px&#8221; custom_padding_tablet=&#8221;49px|||&#8221; custom_padding_phone=&#8221;19px|||&#8221; column_padding_mobile=&#8221;on&#8221; custom_padding_last_edited=&#8221;on|phone&#8221; parallax_method_1=&#8221;off&#8221; parallax_method_2=&#8221;off&#8221; parallax_method_3=&#8221;off&#8221; admin_label=&#8221;Testimonials&#8221; _builder_version=&#8221;3.0.77&#8243; background_size=&#8221;initial&#8221; background_position=&#8221;top_left&#8221; background_repeat=&#8221;repeat&#8221;][et_pb_column type=&#8221;1_4&#8243; _builder_version=&#8221;3.0.47&#8243; column_padding_mobile=&#8221;on&#8221; parallax=&#8221;off&#8221; parallax_method=&#8221;off&#8221;][et_pb_image src=&#8221;https:\/\/hotellwilhelmina.se\/wp-content\/uploads\/2018\/06\/stars.png&#8221; always_center_on_mobile=&#8221;off&#8221; _builder_version=&#8221;3.0.77&#8243; animation_style=&#8221;slide&#8221; animation_direction=&#8221;bottom&#8221; animation_intensity_slide=&#8221;20%&#8221; locked=&#8221;off&#8221;][\/et_pb_image][et_pb_text _builder_version=&#8221;3.0.77&#8243; text_font=&#8221;||||&#8221; text_text_color=&#8221;#1f1f1f&#8221; header_font=&#8221;Playfair Display||||&#8221; header_text_align=&#8221;left&#8221; header_text_color=&#8221;#1f1f1f&#8221; header_font_size=&#8221;24px&#8221; header_line_height=&#8221;1.3em&#8221; background_size=&#8221;initial&#8221; background_position=&#8221;top_left&#8221; background_repeat=&#8221;repeat&#8221; text_orientation=&#8221;center&#8221; module_alignment=&#8221;center&#8221; custom_padding=&#8221;|||&#8221;]<\/p>\n<h1><a href=\"https:\/\/hotellwilhelmina.se\/restaurang\/\"><span style=\"color: #ffffff;\">Restaurang<\/span><\/a><\/h1>\n<p>[\/et_pb_text][et_pb_text _builder_version=&#8221;3.0.77&#8243; text_font=&#8221;Montserrat||||&#8221; text_text_color=&#8221;#939393&#8243; text_font_size=&#8221;17px&#8221; text_line_height=&#8221;1.8em&#8221; header_font=&#8221;||||&#8221; background_size=&#8221;initial&#8221; background_position=&#8221;top_left&#8221; background_repeat=&#8221;repeat&#8221; max_width=&#8221;700px&#8221; module_alignment=&#8221;center&#8221; animation_style=&#8221;fold&#8221; animation_direction=&#8221;top&#8221;]<\/p>\n<p>Restaurang med ett brett utbud. Fr\u00e5n dagens lunch med rej\u00e4l husmanskost var dag till a la cart\u00e9.<\/p>\n<p>&nbsp;<\/p>\n<p>[\/et_pb_text][\/et_pb_column][et_pb_column type=&#8221;1_4&#8243; _builder_version=&#8221;3.0.47&#8243; column_padding_mobile=&#8221;on&#8221; parallax=&#8221;off&#8221; parallax_method=&#8221;off&#8221;][et_pb_image src=&#8221;https:\/\/hotellwilhelmina.se\/wp-content\/uploads\/2018\/06\/stars.png&#8221; always_center_on_mobile=&#8221;off&#8221; _builder_version=&#8221;3.0.77&#8243; animation_style=&#8221;slide&#8221; animation_direction=&#8221;bottom&#8221; animation_intensity_slide=&#8221;20%&#8221; locked=&#8221;off&#8221;][\/et_pb_image][et_pb_text _builder_version=&#8221;3.0.77&#8243; text_font=&#8221;||||&#8221; text_text_color=&#8221;#1f1f1f&#8221; header_font=&#8221;Playfair Display||||&#8221; header_text_align=&#8221;left&#8221; header_text_color=&#8221;#1f1f1f&#8221; header_font_size=&#8221;24px&#8221; header_line_height=&#8221;1.3em&#8221; background_size=&#8221;initial&#8221; background_position=&#8221;top_left&#8221; background_repeat=&#8221;repeat&#8221; text_orientation=&#8221;center&#8221; module_alignment=&#8221;center&#8221; custom_padding=&#8221;|||&#8221;]<\/p>\n<h1><a href=\"https:\/\/hotellwilhelmina.se\/relax\/\"><span style=\"color: #ffffff;\">Spa<\/span><\/a><\/h1>\n<p>[\/et_pb_text][et_pb_text _builder_version=&#8221;3.0.77&#8243; text_font=&#8221;Montserrat||||&#8221; text_text_color=&#8221;#939393&#8243; text_font_size=&#8221;17px&#8221; text_line_height=&#8221;1.8em&#8221; header_font=&#8221;||||&#8221; background_size=&#8221;initial&#8221; background_position=&#8221;top_left&#8221; background_repeat=&#8221;repeat&#8221; max_width=&#8221;700px&#8221; module_alignment=&#8221;center&#8221; animation_style=&#8221;fold&#8221; animation_direction=&#8221;top&#8221; locked=&#8221;off&#8221;]<\/p>\n<p>Bes\u00f6k v\u00e5rt mysiga spa med utsikt \u00f6ver Volgsj\u00f6n och Blaikfj\u00e4llet.<\/p>\n<p>[\/et_pb_text][\/et_pb_column][et_pb_column type=&#8221;1_4&#8243; _builder_version=&#8221;3.0.47&#8243; column_padding_mobile=&#8221;on&#8221; parallax=&#8221;off&#8221; parallax_method=&#8221;off&#8221;][et_pb_image src=&#8221;https:\/\/hotellwilhelmina.se\/wp-content\/uploads\/2018\/06\/stars.png&#8221; always_center_on_mobile=&#8221;off&#8221; _builder_version=&#8221;3.0.77&#8243; animation_style=&#8221;slide&#8221; animation_direction=&#8221;bottom&#8221; animation_intensity_slide=&#8221;20%&#8221; locked=&#8221;off&#8221;][\/et_pb_image][et_pb_text _builder_version=&#8221;3.8&#8243; text_font=&#8221;||||&#8221; text_text_color=&#8221;#1f1f1f&#8221; header_font=&#8221;Playfair Display||||&#8221; header_text_align=&#8221;left&#8221; header_text_color=&#8221;#1f1f1f&#8221; header_font_size=&#8221;24px&#8221; header_line_height=&#8221;1.3em&#8221; background_size=&#8221;initial&#8221; background_position=&#8221;top_left&#8221; background_repeat=&#8221;repeat&#8221; text_orientation=&#8221;center&#8221; module_alignment=&#8221;center&#8221; custom_padding=&#8221;|||&#8221;]<\/p>\n<h1><a href=\"https:\/\/hotellwilhelmina.se\/konferens\/\"><span style=\"color: #ffffff;\">Konferens<\/span><\/a><\/h1>\n<p>[\/et_pb_text][et_pb_text _builder_version=&#8221;3.0.77&#8243; text_font=&#8221;Montserrat||||&#8221; text_text_color=&#8221;#939393&#8243; text_font_size=&#8221;17px&#8221; text_line_height=&#8221;1.8em&#8221; header_font=&#8221;||||&#8221; background_size=&#8221;initial&#8221; background_position=&#8221;top_left&#8221; background_repeat=&#8221;repeat&#8221; max_width=&#8221;700px&#8221; module_alignment=&#8221;center&#8221; animation_style=&#8221;fold&#8221; animation_direction=&#8221;top&#8221; locked=&#8221;off&#8221;]<\/p>\n<p>Konferensrum f\u00f6r den lilla gruppen till den stora organisationen. Hos oss f\u00e5r alla plats.<\/p>\n<p>&nbsp;<\/p>\n<p>[\/et_pb_text][\/et_pb_column][et_pb_column type=&#8221;1_4&#8243; _builder_version=&#8221;3.0.47&#8243; column_padding_mobile=&#8221;on&#8221; parallax=&#8221;off&#8221; parallax_method=&#8221;on&#8221;][et_pb_image src=&#8221;https:\/\/hotellwilhelmina.se\/wp-content\/uploads\/2018\/06\/stars.png&#8221; always_center_on_mobile=&#8221;off&#8221; _builder_version=&#8221;3.0.77&#8243; animation_style=&#8221;slide&#8221; animation_direction=&#8221;bottom&#8221; animation_intensity_slide=&#8221;20%&#8221; locked=&#8221;off&#8221;][\/et_pb_image][et_pb_text _builder_version=&#8221;3.8&#8243; text_font=&#8221;||||&#8221; text_text_color=&#8221;#1f1f1f&#8221; header_font=&#8221;Playfair Display||||&#8221; header_text_align=&#8221;left&#8221; header_text_color=&#8221;#1f1f1f&#8221; header_font_size=&#8221;24px&#8221; header_line_height=&#8221;1.3em&#8221; background_size=&#8221;initial&#8221; background_position=&#8221;top_left&#8221; background_repeat=&#8221;repeat&#8221; text_orientation=&#8221;center&#8221; module_alignment=&#8221;center&#8221; custom_padding=&#8221;|||&#8221;]<\/p>\n<h1><a href=\"https:\/\/hotellwilhelmina.se\/gym\/\"><span style=\"color: #ffffff;\">Motion<\/span><\/a><\/h1>\n<p>[\/et_pb_text][et_pb_text _builder_version=&#8221;3.0.77&#8243; text_font=&#8221;Montserrat||||&#8221; text_text_color=&#8221;#939393&#8243; text_font_size=&#8221;17px&#8221; text_line_height=&#8221;1.8em&#8221; header_font=&#8221;||||&#8221; background_size=&#8221;initial&#8221; background_position=&#8221;top_left&#8221; background_repeat=&#8221;repeat&#8221; max_width=&#8221;700px&#8221; module_alignment=&#8221;center&#8221; animation_style=&#8221;fold&#8221; animation_direction=&#8221;top&#8221; locked=&#8221;off&#8221;]<\/p>\n<p>Passa p\u00e5 att b\u00e4ttra p\u00e5 styrka och motion i v\u00e5rt uppdaterade motionsrum.<\/p>\n<p>&nbsp;<\/p>\n<p>[\/et_pb_text][\/et_pb_column][\/et_pb_row][\/et_pb_section][et_pb_section fb_built=&#8221;1&#8243; admin_label=&#8221;Contact Us&#8221; _builder_version=&#8221;3.8&#8243; background_color=&#8221;rgba(0,0,0,0.75)&#8221; background_image=&#8221;https:\/\/hotellwilhelmina.se\/wp-content\/uploads\/2018\/04\/head_restarung.jpg&#8221; background_blend=&#8221;color&#8221; custom_padding=&#8221;100px|0px|100px|0px&#8221; collapsed=&#8221;off&#8221;][\/et_pb_section]<\/p>\n","protected":false},"excerpt":{"rendered":"<p>&nbsp; &nbsp; Mat &amp; festsal I den anrika mat- och festsalen m\u00f6ts man av den storslagna utsikten \u00f6ver Volgsj\u00f6n och Blaikfj\u00e4llet. H\u00e4r serveras klassisk husmanskost och exklusiv \u00e0 la carte som k\u00f6ksm\u00e4staren komponerat och lagat med utg\u00e5ngspunkt i att nyttja lokalproducerade r\u00e5varorstorslagna utsikten \u00f6ver Volgsj\u00f6n och Blaikfj\u00e4llet. H\u00e4r serveras klassisk husmanskost och exklusiv \u00e0 la [&hellip;]<\/p>\n","protected":false},"author":1,"featured_media":0,"parent":0,"menu_order":0,"comment_status":"closed","ping_status":"closed","template":"","meta":{"_et_pb_use_builder":"on","_et_pb_old_content":"","_et_gb_content_width":"","footnotes":""},"class_list":["post-1330","page","type-page","status-publish","hentry"],"yoast_head":"<!-- This site is optimized with the Yoast SEO plugin v27.4 - https:\/\/yoast.com\/product\/yoast-seo-wordpress\/ -->\n<title>Hotell Wilhelminas Restaurang: Husmanskost och lokalproducerade r\u00e4tter<\/title>\n<meta name=\"description\" content=\"I Hotell Wilhelminas restaurang serveras klassisk husmanskost och exklusiv \u00e0 la carte som k\u00f6ksm\u00e4staren komponerat och lagat ihop fr\u00e5n lokalproducerade r\u00e5varor, som du avnjuter med en storslagen utsikt \u00f6ver Volgsj\u00f6ns b\u00f6ljande bl\u00e5\" \/>\n<meta name=\"robots\" content=\"index, follow, max-snippet:-1, max-image-preview:large, max-video-preview:-1\" \/>\n<link rel=\"canonical\" href=\"https:\/\/hotellwilhelmina.se\/en\/restaurang\/\" \/>\n<meta property=\"og:locale\" content=\"en_GB\" \/>\n<meta property=\"og:type\" content=\"article\" \/>\n<meta property=\"og:title\" content=\"Hotell Wilhelminas Restaurang: Husmanskost och lokalproducerade r\u00e4tter\" \/>\n<meta property=\"og:description\" content=\"I Hotell Wilhelminas restaurang serveras klassisk husmanskost och exklusiv \u00e0 la carte som k\u00f6ksm\u00e4staren komponerat och lagat ihop fr\u00e5n lokalproducerade r\u00e5varor, som du avnjuter med en storslagen utsikt \u00f6ver Volgsj\u00f6ns b\u00f6ljande bl\u00e5\" \/>\n<meta property=\"og:url\" content=\"https:\/\/hotellwilhelmina.se\/en\/restaurang\/\" \/>\n<meta property=\"og:site_name\" content=\"Hotell Wilhelmina\" \/>\n<meta property=\"article:publisher\" content=\"https:\/\/www.facebook.com\/Hotell-Wilhelmina-Vilhelmina-109359075799208\/\" \/>\n<meta property=\"article:modified_time\" content=\"2025-10-20T06:18:04+00:00\" \/>\n<meta name=\"twitter:card\" content=\"summary_large_image\" \/>\n<meta name=\"twitter:label1\" content=\"Estimated reading time\" \/>\n\t<meta name=\"twitter:data1\" content=\"8 minutes\" \/>\n<script type=\"application\/ld+json\" class=\"yoast-schema-graph\">{\"@context\":\"https:\\\/\\\/schema.org\",\"@graph\":[{\"@type\":\"WebPage\",\"@id\":\"https:\\\/\\\/hotellwilhelmina.se\\\/restaurang\\\/\",\"url\":\"https:\\\/\\\/hotellwilhelmina.se\\\/restaurang\\\/\",\"name\":\"Hotell Wilhelminas Restaurang: Husmanskost och lokalproducerade r\u00e4tter\",\"isPartOf\":{\"@id\":\"https:\\\/\\\/hotellwilhelmina.se\\\/#website\"},\"datePublished\":\"2017-12-13T13:12:23+00:00\",\"dateModified\":\"2025-10-20T06:18:04+00:00\",\"description\":\"I Hotell Wilhelminas restaurang serveras klassisk husmanskost och exklusiv \u00e0 la carte som k\u00f6ksm\u00e4staren komponerat och lagat ihop fr\u00e5n lokalproducerade r\u00e5varor, som du avnjuter med en storslagen utsikt \u00f6ver Volgsj\u00f6ns b\u00f6ljande bl\u00e5\",\"breadcrumb\":{\"@id\":\"https:\\\/\\\/hotellwilhelmina.se\\\/restaurang\\\/#breadcrumb\"},\"inLanguage\":\"en-GB\",\"potentialAction\":[{\"@type\":\"ReadAction\",\"target\":[\"https:\\\/\\\/hotellwilhelmina.se\\\/restaurang\\\/\"]}]},{\"@type\":\"BreadcrumbList\",\"@id\":\"https:\\\/\\\/hotellwilhelmina.se\\\/restaurang\\\/#breadcrumb\",\"itemListElement\":[{\"@type\":\"ListItem\",\"position\":1,\"name\":\"Hem\",\"item\":\"https:\\\/\\\/hotellwilhelmina.se\\\/\"},{\"@type\":\"ListItem\",\"position\":2,\"name\":\"Restaurang\"}]},{\"@type\":\"WebSite\",\"@id\":\"https:\\\/\\\/hotellwilhelmina.se\\\/#website\",\"url\":\"https:\\\/\\\/hotellwilhelmina.se\\\/\",\"name\":\"Hotell Wilhelmina\",\"description\":\"\",\"publisher\":{\"@id\":\"https:\\\/\\\/hotellwilhelmina.se\\\/#organization\"},\"potentialAction\":[{\"@type\":\"SearchAction\",\"target\":{\"@type\":\"EntryPoint\",\"urlTemplate\":\"https:\\\/\\\/hotellwilhelmina.se\\\/?s={search_term_string}\"},\"query-input\":{\"@type\":\"PropertyValueSpecification\",\"valueRequired\":true,\"valueName\":\"search_term_string\"}}],\"inLanguage\":\"en-GB\"},{\"@type\":\"Organization\",\"@id\":\"https:\\\/\\\/hotellwilhelmina.se\\\/#organization\",\"name\":\"Hotell Wilhelmina\",\"url\":\"https:\\\/\\\/hotellwilhelmina.se\\\/\",\"logo\":{\"@type\":\"ImageObject\",\"inLanguage\":\"en-GB\",\"@id\":\"https:\\\/\\\/hotellwilhelmina.se\\\/#\\\/schema\\\/logo\\\/image\\\/\",\"url\":\"https:\\\/\\\/hotellwilhelmina.se\\\/wp-content\\\/uploads\\\/2017\\\/08\\\/logotype.gif\",\"contentUrl\":\"https:\\\/\\\/hotellwilhelmina.se\\\/wp-content\\\/uploads\\\/2017\\\/08\\\/logotype.gif\",\"width\":74,\"height\":65,\"caption\":\"Hotell Wilhelmina\"},\"image\":{\"@id\":\"https:\\\/\\\/hotellwilhelmina.se\\\/#\\\/schema\\\/logo\\\/image\\\/\"},\"sameAs\":[\"https:\\\/\\\/www.facebook.com\\\/Hotell-Wilhelmina-Vilhelmina-109359075799208\\\/\",\"https:\\\/\\\/www.instagram.com\\\/hotellwilhelmina\\\/\"]}]}<\/script>\n<!-- \/ Yoast SEO plugin. -->","yoast_head_json":{"title":"Hotell Wilhelminas Restaurang: Husmanskost och lokalproducerade r\u00e4tter","description":"I Hotell Wilhelminas restaurang serveras klassisk husmanskost och exklusiv \u00e0 la carte som k\u00f6ksm\u00e4staren komponerat och lagat ihop fr\u00e5n lokalproducerade r\u00e5varor, som du avnjuter med en storslagen utsikt \u00f6ver Volgsj\u00f6ns b\u00f6ljande bl\u00e5","robots":{"index":"index","follow":"follow","max-snippet":"max-snippet:-1","max-image-preview":"max-image-preview:large","max-video-preview":"max-video-preview:-1"},"canonical":"https:\/\/hotellwilhelmina.se\/en\/restaurang\/","og_locale":"en_GB","og_type":"article","og_title":"Hotell Wilhelminas Restaurang: Husmanskost och lokalproducerade r\u00e4tter","og_description":"I Hotell Wilhelminas restaurang serveras klassisk husmanskost och exklusiv \u00e0 la carte som k\u00f6ksm\u00e4staren komponerat och lagat ihop fr\u00e5n lokalproducerade r\u00e5varor, som du avnjuter med en storslagen utsikt \u00f6ver Volgsj\u00f6ns b\u00f6ljande bl\u00e5","og_url":"https:\/\/hotellwilhelmina.se\/en\/restaurang\/","og_site_name":"Hotell Wilhelmina","article_publisher":"https:\/\/www.facebook.com\/Hotell-Wilhelmina-Vilhelmina-109359075799208\/","article_modified_time":"2025-10-20T06:18:04+00:00","twitter_card":"summary_large_image","twitter_misc":{"Estimated reading time":"8 minutes"},"schema":{"@context":"https:\/\/schema.org","@graph":[{"@type":"WebPage","@id":"https:\/\/hotellwilhelmina.se\/restaurang\/","url":"https:\/\/hotellwilhelmina.se\/restaurang\/","name":"Hotell Wilhelminas Restaurang: Husmanskost och lokalproducerade r\u00e4tter","isPartOf":{"@id":"https:\/\/hotellwilhelmina.se\/#website"},"datePublished":"2017-12-13T13:12:23+00:00","dateModified":"2025-10-20T06:18:04+00:00","description":"I Hotell Wilhelminas restaurang serveras klassisk husmanskost och exklusiv \u00e0 la carte som k\u00f6ksm\u00e4staren komponerat och lagat ihop fr\u00e5n lokalproducerade r\u00e5varor, som du avnjuter med en storslagen utsikt \u00f6ver Volgsj\u00f6ns b\u00f6ljande bl\u00e5","breadcrumb":{"@id":"https:\/\/hotellwilhelmina.se\/restaurang\/#breadcrumb"},"inLanguage":"en-GB","potentialAction":[{"@type":"ReadAction","target":["https:\/\/hotellwilhelmina.se\/restaurang\/"]}]},{"@type":"BreadcrumbList","@id":"https:\/\/hotellwilhelmina.se\/restaurang\/#breadcrumb","itemListElement":[{"@type":"ListItem","position":1,"name":"Hem","item":"https:\/\/hotellwilhelmina.se\/"},{"@type":"ListItem","position":2,"name":"Restaurang"}]},{"@type":"WebSite","@id":"https:\/\/hotellwilhelmina.se\/#website","url":"https:\/\/hotellwilhelmina.se\/","name":"Hotell Wilhelmina","description":"","publisher":{"@id":"https:\/\/hotellwilhelmina.se\/#organization"},"potentialAction":[{"@type":"SearchAction","target":{"@type":"EntryPoint","urlTemplate":"https:\/\/hotellwilhelmina.se\/?s={search_term_string}"},"query-input":{"@type":"PropertyValueSpecification","valueRequired":true,"valueName":"search_term_string"}}],"inLanguage":"en-GB"},{"@type":"Organization","@id":"https:\/\/hotellwilhelmina.se\/#organization","name":"Hotell Wilhelmina","url":"https:\/\/hotellwilhelmina.se\/","logo":{"@type":"ImageObject","inLanguage":"en-GB","@id":"https:\/\/hotellwilhelmina.se\/#\/schema\/logo\/image\/","url":"https:\/\/hotellwilhelmina.se\/wp-content\/uploads\/2017\/08\/logotype.gif","contentUrl":"https:\/\/hotellwilhelmina.se\/wp-content\/uploads\/2017\/08\/logotype.gif","width":74,"height":65,"caption":"Hotell Wilhelmina"},"image":{"@id":"https:\/\/hotellwilhelmina.se\/#\/schema\/logo\/image\/"},"sameAs":["https:\/\/www.facebook.com\/Hotell-Wilhelmina-Vilhelmina-109359075799208\/","https:\/\/www.instagram.com\/hotellwilhelmina\/"]}]}},"_links":{"self":[{"href":"https:\/\/hotellwilhelmina.se\/en\/wp-json\/wp\/v2\/pages\/1330","targetHints":{"allow":["GET"]}}],"collection":[{"href":"https:\/\/hotellwilhelmina.se\/en\/wp-json\/wp\/v2\/pages"}],"about":[{"href":"https:\/\/hotellwilhelmina.se\/en\/wp-json\/wp\/v2\/types\/page"}],"author":[{"embeddable":true,"href":"https:\/\/hotellwilhelmina.se\/en\/wp-json\/wp\/v2\/users\/1"}],"replies":[{"embeddable":true,"href":"https:\/\/hotellwilhelmina.se\/en\/wp-json\/wp\/v2\/comments?post=1330"}],"version-history":[{"count":12,"href":"https:\/\/hotellwilhelmina.se\/en\/wp-json\/wp\/v2\/pages\/1330\/revisions"}],"predecessor-version":[{"id":3521,"href":"https:\/\/hotellwilhelmina.se\/en\/wp-json\/wp\/v2\/pages\/1330\/revisions\/3521"}],"wp:attachment":[{"href":"https:\/\/hotellwilhelmina.se\/en\/wp-json\/wp\/v2\/media?parent=1330"}],"curies":[{"name":"wp","href":"https:\/\/api.w.org\/{rel}","templated":true}]}}